{"id":619,"date":"2026-02-09T16:50:21","date_gmt":"2026-02-09T15:50:21","guid":{"rendered":"https:\/\/floresgali.com\/?page_id=619"},"modified":"2026-02-24T12:00:05","modified_gmt":"2026-02-24T11:00:05","slug":"nosotros","status":"publish","type":"page","link":"https:\/\/floresgali.com\/es\/nosotros\/","title":{"rendered":"Nosotros"},"content":{"rendered":"\t\t<div data-elementor-type=\"wp-page\" data-elementor-id=\"619\" class=\"elementor elementor-619\" data-elementor-post-type=\"page\">\n\t\t\t\t<div class=\"elementor-element elementor-element-644f820a e-flex e-con-boxed e-con e-parent\" data-id=\"644f820a\" data-element_type=\"container\" data-settings=\"{&quot;background_background&quot;:&quot;classic&quot;}\">\n\t\t\t\t\t<div class=\"e-con-inner\">\n\t\t<div class=\"elementor-element elementor-element-2c03aa6c e-con-full e-flex e-con e-child\" data-id=\"2c03aa6c\" data-element_type=\"container\">\n\t\t<div class=\"elementor-element elementor-element-6d827ce5 e-con-full e-flex elementor-invisible e-con e-child\" data-id=\"6d827ce5\" data-element_type=\"container\" data-settings=\"{&quot;animation&quot;:&quot;fadeIn&quot;}\">\n\t\t\t\t<div class=\"elementor-element elementor-element-3dccc056 elementor-widget elementor-widget-heading\" data-id=\"3dccc056\" data-element_type=\"widget\" data-widget_type=\"heading.default\">\n\t\t\t\t\t<h1 class=\"elementor-heading-title elementor-size-default\">Nosotros<\/h1>\t\t\t\t<\/div>\n\t\t\t\t<\/div>\n\t\t\t\t<\/div>\n\t\t\t\t\t<\/div>\n\t\t\t\t<\/div>\n\t\t<div class=\"elementor-element elementor-element-5a626e02 e-flex e-con-boxed e-con e-parent\" data-id=\"5a626e02\" data-element_type=\"container\" data-settings=\"{&quot;background_background&quot;:&quot;classic&quot;}\">\n\t\t\t\t\t<div class=\"e-con-inner\">\n\t\t<div class=\"elementor-element elementor-element-3c179049 e-con-full e-flex e-con e-child\" data-id=\"3c179049\" data-element_type=\"container\">\n\t\t<div class=\"elementor-element elementor-element-16eff362 e-con-full e-flex e-con e-child\" data-id=\"16eff362\" data-element_type=\"container\">\n\t\t\t\t<div class=\"elementor-element elementor-element-4212b14b elementor-invisible elementor-widget elementor-widget-image\" data-id=\"4212b14b\" data-element_type=\"widget\" data-settings=\"{&quot;_animation&quot;:&quot;fadeIn&quot;}\" data-widget_type=\"image.default\">\n\t\t\t\t\t\t\t\t\t\t\t\t\t\t\t<img fetchpriority=\"high\" decoding=\"async\" width=\"599\" height=\"626\" src=\"https:\/\/floresgali.com\/wp-content\/uploads\/2026\/02\/about-img-4.jpg\" class=\"attachment-full size-full wp-image-621\" alt=\"\" srcset=\"https:\/\/floresgali.com\/wp-content\/uploads\/2026\/02\/about-img-4.jpg 599w, https:\/\/floresgali.com\/wp-content\/uploads\/2026\/02\/about-img-4-287x300.jpg 287w\" sizes=\"(max-width: 599px) 100vw, 599px\" \/>\t\t\t\t\t\t\t\t\t\t\t\t\t\t\t<\/div>\n\t\t<div class=\"elementor-element elementor-element-43502b22 e-con-full e-flex elementor-invisible e-con e-child\" data-id=\"43502b22\" data-element_type=\"container\" data-settings=\"{&quot;background_background&quot;:&quot;classic&quot;,&quot;position&quot;:&quot;absolute&quot;,&quot;animation&quot;:&quot;fadeInUp&quot;}\">\n\t\t<div class=\"elementor-element elementor-element-25fe1745 e-con-full e-flex e-con e-child\" data-id=\"25fe1745\" data-element_type=\"container\">\n\t\t\t\t<div class=\"elementor-element elementor-element-58171eb2 elementor-widget elementor-widget-counter\" data-id=\"58171eb2\" data-element_type=\"widget\" data-widget_type=\"counter.default\">\n\t\t\t\t\t\t\t<div class=\"elementor-counter\">\n\t\t\t\t\t\t<div class=\"elementor-counter-number-wrapper\">\n\t\t\t\t<span class=\"elementor-counter-number-prefix\">+<\/span>\n\t\t\t\t<span class=\"elementor-counter-number\" data-duration=\"2000\" data-to-value=\"25\" data-from-value=\"0\" data-delimiter=\",\">0<\/span>\n\t\t\t\t<span class=\"elementor-counter-number-suffix\"><\/span>\n\t\t\t<\/div>\n\t\t<\/div>\n\t\t\t\t\t\t<\/div>\n\t\t\t\t<\/div>\n\t\t<div class=\"elementor-element elementor-element-58a89806 e-con-full e-flex e-con e-child\" data-id=\"58a89806\" data-element_type=\"container\">\n\t\t\t\t<div class=\"elementor-element elementor-element-109b7699 elementor-widget elementor-widget-heading\" data-id=\"109b7699\" data-element_type=\"widget\" data-widget_type=\"heading.default\">\n\t\t\t\t\t<h2 class=\"elementor-heading-title elementor-size-default\">A\u00f1os de\nexperiencia<\/h2>\t\t\t\t<\/div>\n\t\t\t\t<\/div>\n\t\t\t\t<\/div>\n\t\t\t\t<\/div>\n\t\t<div class=\"elementor-element elementor-element-1b83488c e-con-full e-flex elementor-invisible e-con e-child\" data-id=\"1b83488c\" data-element_type=\"container\" data-settings=\"{&quot;animation&quot;:&quot;fadeIn&quot;}\">\n\t\t\t\t<div class=\"elementor-element elementor-element-91070d9 elementor-widget elementor-widget-heading\" data-id=\"91070d9\" data-element_type=\"widget\" data-widget_type=\"heading.default\">\n\t\t\t\t\t<p class=\"elementor-heading-title elementor-size-default\">Qui\u00e9nes somos<\/p>\t\t\t\t<\/div>\n\t\t\t\t<div class=\"elementor-element elementor-element-32d1e99e elementor-widget elementor-widget-heading\" data-id=\"32d1e99e\" data-element_type=\"widget\" data-widget_type=\"heading.default\">\n\t\t\t\t\t<h2 class=\"elementor-heading-title elementor-size-default\">Despacho especializado en servicios profesionales en \u00e1reas econ\u00f3micas, legales y de consultor\u00eda.<\/h2>\t\t\t\t<\/div>\n\t\t\t\t<div class=\"elementor-element elementor-element-4eed51f elementor-widget-laptop__width-inherit elementor-widget elementor-widget-text-editor\" data-id=\"4eed51f\" data-element_type=\"widget\" data-widget_type=\"text-editor.default\">\n\t\t\t\t\t\t\t\t\t<p><span class=\"HwtZe\" lang=\"es\"><span class=\"jCAhz ChMk0b\"><span class=\"ryNqvb\">Compuesto por un equipo de profesionales altamente experimentados, nos enorgullece ofrecer un asesoramiento altamente especializado y personalizado en \u00e1mbitos econ\u00f3micos, legales, financieros y de gesti\u00f3n.<\/span><\/span><\/span><\/p>\t\t\t\t\t\t\t\t<\/div>\n\t\t\t\t<div class=\"elementor-element elementor-element-bf0b07b elementor-widget-laptop__width-inherit elementor-widget elementor-widget-text-editor\" data-id=\"bf0b07b\" data-element_type=\"widget\" data-widget_type=\"text-editor.default\">\n\t\t\t\t\t\t\t\t\t<p><span class=\"HwtZe\" lang=\"es\"><span class=\"jCAhz ChMk0b\"><span class=\"ryNqvb\">Nuestra pasi\u00f3n es acompa\u00f1ar al cliente en su aventura empresarial, asistiendo tanto a la gesti\u00f3n cotidiana como a decisiones estrat\u00e9gicas.<\/span><\/span><\/span><\/p>\t\t\t\t\t\t\t\t<\/div>\n\t\t\t\t<\/div>\n\t\t\t\t<\/div>\n\t\t\t\t\t<\/div>\n\t\t\t\t<\/div>\n\t\t<div class=\"elementor-element elementor-element-1265b999 elementor-hidden-desktop elementor-hidden-laptop elementor-hidden-tablet elementor-hidden-mobile e-flex e-con-boxed e-con e-parent\" data-id=\"1265b999\" data-element_type=\"container\" data-settings=\"{&quot;background_background&quot;:&quot;classic&quot;}\">\n\t\t\t\t\t<div class=\"e-con-inner\">\n\t\t<div class=\"elementor-element elementor-element-5523d354 e-con-full e-flex elementor-invisible e-con e-child\" data-id=\"5523d354\" data-element_type=\"container\" data-settings=\"{&quot;animation&quot;:&quot;fadeIn&quot;}\">\n\t\t\t\t<div class=\"elementor-element elementor-element-119e8d37 elementor-widget elementor-widget-heading\" data-id=\"119e8d37\" data-element_type=\"widget\" data-widget_type=\"heading.default\">\n\t\t\t\t\t<h2 class=\"elementor-heading-title elementor-size-default\">Conoce Flores Gal\u00ed Associats<\/h2>\t\t\t\t<\/div>\n\t\t\t\t<\/div>\n\t\t<div class=\"elementor-element elementor-element-47969d69 e-con-full e-flex elementor-invisible e-con e-child\" data-id=\"47969d69\" data-element_type=\"container\" data-settings=\"{&quot;animation&quot;:&quot;fadeInUp&quot;}\">\n\t\t<div class=\"elementor-element elementor-element-774d95f4 e-con-full e-flex e-con e-child\" data-id=\"774d95f4\" data-element_type=\"container\" data-settings=\"{&quot;background_background&quot;:&quot;classic&quot;}\">\n\t\t<div class=\"elementor-element elementor-element-71e350c5 e-con-full e-flex e-con e-child\" data-id=\"71e350c5\" data-element_type=\"container\" data-settings=\"{&quot;background_background&quot;:&quot;classic&quot;}\">\n\t\t\t\t<div class=\"elementor-element elementor-element-3ccc97b8 elementor-widget elementor-widget-image\" data-id=\"3ccc97b8\" data-element_type=\"widget\" data-widget_type=\"image.default\">\n\t\t\t\t\t\t\t\t\t\t\t\t\t\t\t<img decoding=\"async\" width=\"55\" height=\"55\" src=\"https:\/\/floresgali.com\/wp-content\/uploads\/2026\/02\/our-value-icon-4.png\" class=\"attachment-full size-full wp-image-629\" alt=\"\" \/>\t\t\t\t\t\t\t\t\t\t\t\t\t\t\t<\/div>\n\t\t\t\t<\/div>\n\t\t\t\t<div class=\"elementor-element elementor-element-73d6550 elementor-widget elementor-widget-heading\" data-id=\"73d6550\" data-element_type=\"widget\" data-widget_type=\"heading.default\">\n\t\t\t\t\t<h2 class=\"elementor-heading-title elementor-size-default\">Nuestro Equipo<\/h2>\t\t\t\t<\/div>\n\t\t\t\t<div class=\"elementor-element elementor-element-d2275e3 elementor-widget elementor-widget-text-editor\" data-id=\"d2275e3\" data-element_type=\"widget\" data-widget_type=\"text-editor.default\">\n\t\t\t\t\t\t\t\t\t<p>Nuestro equipo est\u00e1 formado por economistas y abogados colegiados, y forma parte de asociaciones profesionales como AEDAF, A.I.A. y REGAF.<\/p>\t\t\t\t\t\t\t\t<\/div>\n\t\t\t\t<\/div>\n\t\t<div class=\"elementor-element elementor-element-1ea28265 e-con-full e-flex e-con e-child\" data-id=\"1ea28265\" data-element_type=\"container\" data-settings=\"{&quot;background_background&quot;:&quot;classic&quot;}\">\n\t\t<div class=\"elementor-element elementor-element-4ffb51c3 e-con-full e-flex e-con e-child\" data-id=\"4ffb51c3\" data-element_type=\"container\" data-settings=\"{&quot;background_background&quot;:&quot;classic&quot;}\">\n\t\t\t\t<div class=\"elementor-element elementor-element-160475a9 elementor-widget elementor-widget-image\" data-id=\"160475a9\" data-element_type=\"widget\" data-widget_type=\"image.default\">\n\t\t\t\t\t\t\t\t\t\t\t\t\t\t\t<img decoding=\"async\" width=\"55\" height=\"50\" src=\"https:\/\/floresgali.com\/wp-content\/uploads\/2026\/02\/our-value-icon-3.png\" class=\"attachment-full size-full wp-image-622\" alt=\"\" \/>\t\t\t\t\t\t\t\t\t\t\t\t\t\t\t<\/div>\n\t\t\t\t<\/div>\n\t\t\t\t<div class=\"elementor-element elementor-element-36a59b elementor-widget elementor-widget-heading\" data-id=\"36a59b\" data-element_type=\"widget\" data-widget_type=\"heading.default\">\n\t\t\t\t\t<h2 class=\"elementor-heading-title elementor-size-default\">Sectores con los que trabajamos<\/h2>\t\t\t\t<\/div>\n\t\t\t\t<div class=\"elementor-element elementor-element-308dfc53 elementor-widget elementor-widget-text-editor\" data-id=\"308dfc53\" data-element_type=\"widget\" data-widget_type=\"text-editor.default\">\n\t\t\t\t\t\t\t\t\t<p>Trabajamos con empresas de distintos sectores como sanidad, restauraci\u00f3n, hosteler\u00eda, industria, textil o cinematograf\u00eda, adapt\u00e1ndonos a cada caso.<\/p>\t\t\t\t\t\t\t\t<\/div>\n\t\t\t\t<\/div>\n\t\t<div class=\"elementor-element elementor-element-d10bc e-con-full e-flex e-con e-child\" data-id=\"d10bc\" data-element_type=\"container\" data-settings=\"{&quot;background_background&quot;:&quot;classic&quot;}\">\n\t\t<div class=\"elementor-element elementor-element-6ac503a3 e-con-full e-flex e-con e-child\" data-id=\"6ac503a3\" data-element_type=\"container\" data-settings=\"{&quot;background_background&quot;:&quot;classic&quot;}\">\n\t\t\t\t<div class=\"elementor-element elementor-element-3cc9cdcd elementor-widget elementor-widget-image\" data-id=\"3cc9cdcd\" data-element_type=\"widget\" data-widget_type=\"image.default\">\n\t\t\t\t\t\t\t\t\t\t\t\t\t\t\t<img loading=\"lazy\" decoding=\"async\" width=\"50\" height=\"50\" src=\"https:\/\/floresgali.com\/wp-content\/uploads\/2026\/02\/our-value-icon-1.png\" class=\"attachment-full size-full wp-image-623\" alt=\"\" \/>\t\t\t\t\t\t\t\t\t\t\t\t\t\t\t<\/div>\n\t\t\t\t<\/div>\n\t\t\t\t<div class=\"elementor-element elementor-element-2e3efef7 elementor-widget elementor-widget-heading\" data-id=\"2e3efef7\" data-element_type=\"widget\" data-widget_type=\"heading.default\">\n\t\t\t\t\t<h2 class=\"elementor-heading-title elementor-size-default\">Colaboraciones profesionales<\/h2>\t\t\t\t<\/div>\n\t\t\t\t<div class=\"elementor-element elementor-element-38002c55 elementor-widget elementor-widget-text-editor\" data-id=\"38002c55\" data-element_type=\"widget\" data-widget_type=\"text-editor.default\">\n\t\t\t\t\t\t\t\t\t<p>Colaboramos con empresas y profesionales especializados para ofrecer un servicio completo en \u00e1reas como auditor\u00eda, laboral y penal.<\/p>\t\t\t\t\t\t\t\t<\/div>\n\t\t\t\t<\/div>\n\t\t<div class=\"elementor-element elementor-element-e2c88a6 e-con-full e-flex e-con e-child\" data-id=\"e2c88a6\" data-element_type=\"container\" data-settings=\"{&quot;background_background&quot;:&quot;classic&quot;}\">\n\t\t<div class=\"elementor-element elementor-element-28e4846f e-con-full e-flex e-con e-child\" data-id=\"28e4846f\" data-element_type=\"container\" data-settings=\"{&quot;background_background&quot;:&quot;classic&quot;}\">\n\t\t\t\t<div class=\"elementor-element elementor-element-55a21fd elementor-widget elementor-widget-image\" data-id=\"55a21fd\" data-element_type=\"widget\" data-widget_type=\"image.default\">\n\t\t\t\t\t\t\t\t\t\t\t\t\t\t\t<img loading=\"lazy\" decoding=\"async\" width=\"61\" height=\"52\" src=\"https:\/\/floresgali.com\/wp-content\/uploads\/2026\/02\/our-value-icon-2.png\" class=\"attachment-full size-full wp-image-624\" alt=\"\" \/>\t\t\t\t\t\t\t\t\t\t\t\t\t\t\t<\/div>\n\t\t\t\t<\/div>\n\t\t\t\t<div class=\"elementor-element elementor-element-4cff25a0 elementor-widget elementor-widget-heading\" data-id=\"4cff25a0\" data-element_type=\"widget\" data-widget_type=\"heading.default\">\n\t\t\t\t\t<h2 class=\"elementor-heading-title elementor-size-default\">Experiencia en el sector sanitario<\/h2>\t\t\t\t<\/div>\n\t\t\t\t<div class=\"elementor-element elementor-element-332fcd29 elementor-widget elementor-widget-text-editor\" data-id=\"332fcd29\" data-element_type=\"widget\" data-widget_type=\"text-editor.default\">\n\t\t\t\t\t\t\t\t\t<p>S\u00ed. Asesoramos a empresas y profesionales del sector sanitario, incluidas compa\u00f1\u00edas especializadas en t\u00e9cnicas endovasculares.<\/p>\t\t\t\t\t\t\t\t<\/div>\n\t\t\t\t<\/div>\n\t\t\t\t<\/div>\n\t\t\t\t\t<\/div>\n\t\t\t\t<\/div>\n\t\t\t\t<\/div>\n\t\t","protected":false},"excerpt":{"rendered":"<p>Nosotros + 0 A\u00f1os de experiencia Qui\u00e9nes somos Despacho especializado en servicios profesionales en \u00e1reas econ\u00f3micas, legales y de consultor\u00eda. Compuesto por un equipo de profesionales altamente experimentados, nos enorgullece ofrecer un asesoramiento altamente especializado y personalizado en \u00e1mbitos econ\u00f3micos, legales, financieros y de gesti\u00f3n. Nuestra pasi\u00f3n es acompa\u00f1ar al cliente en su aventura empresarial, [&hellip;]<\/p>\n","protected":false},"author":1,"featured_media":0,"parent":0,"menu_order":0,"comment_status":"closed","ping_status":"closed","template":"elementor_header_footer","meta":{"footnotes":""},"class_list":["post-619","page","type-page","status-publish","hentry"],"yoast_head":"<!-- This site is optimized with the Yoast SEO plugin v26.7 - https:\/\/yoast.com\/wordpress\/plugins\/seo\/ -->\n<title>Nosotros - Flores Gal\u00ed Associats<\/title>\n<meta name=\"robots\" content=\"index, follow, max-snippet:-1, max-image-preview:large, max-video-preview:-1\" \/>\n<link rel=\"canonical\" href=\"https:\/\/floresgali.com\/nosotros\/\" \/>\n<meta property=\"og:locale\" content=\"es_ES\" \/>\n<meta property=\"og:type\" content=\"article\" \/>\n<meta property=\"og:title\" content=\"Nosotros - Flores Gal\u00ed Associats\" \/>\n<meta property=\"og:description\" content=\"Nosotros + 0 A\u00f1os de experiencia Qui\u00e9nes somos Despacho especializado en servicios profesionales en \u00e1reas econ\u00f3micas, legales y de consultor\u00eda. Compuesto por un equipo de profesionales altamente experimentados, nos enorgullece ofrecer un asesoramiento altamente especializado y personalizado en \u00e1mbitos econ\u00f3micos, legales, financieros y de gesti\u00f3n. Nuestra pasi\u00f3n es acompa\u00f1ar al cliente en su aventura empresarial, [&hellip;]\" \/>\n<meta property=\"og:url\" content=\"https:\/\/floresgali.com\/nosotros\/\" \/>\n<meta property=\"og:site_name\" content=\"Flores Gal\u00ed Associats\" \/>\n<meta property=\"article:modified_time\" content=\"2026-02-24T11:00:05+00:00\" \/>\n<meta property=\"og:image\" content=\"https:\/\/floresgali.com\/wp-content\/uploads\/2026\/02\/about-img-4.jpg\" \/>\n\t<meta property=\"og:image:width\" content=\"599\" \/>\n\t<meta property=\"og:image:height\" content=\"626\" \/>\n\t<meta property=\"og:image:type\" content=\"image\/jpeg\" \/>\n<meta name=\"twitter:card\" content=\"summary_large_image\" \/>\n<meta name=\"twitter:label1\" content=\"Tiempo de lectura\" \/>\n\t<meta name=\"twitter:data1\" content=\"1 minuto\" \/>\n<script type=\"application\/ld+json\" class=\"yoast-schema-graph\">{\"@context\":\"https:\/\/schema.org\",\"@graph\":[{\"@type\":\"WebPage\",\"@id\":\"https:\/\/floresgali.com\/nosotros\/\",\"url\":\"https:\/\/floresgali.com\/nosotros\/\",\"name\":\"Nosotros - Flores Gal\u00ed Associats\",\"isPartOf\":{\"@id\":\"https:\/\/floresgali.com\/#website\"},\"primaryImageOfPage\":{\"@id\":\"https:\/\/floresgali.com\/nosotros\/#primaryimage\"},\"image\":{\"@id\":\"https:\/\/floresgali.com\/nosotros\/#primaryimage\"},\"thumbnailUrl\":\"https:\/\/floresgali.com\/wp-content\/uploads\/2026\/02\/about-img-4.jpg\",\"datePublished\":\"2026-02-09T15:50:21+00:00\",\"dateModified\":\"2026-02-24T11:00:05+00:00\",\"breadcrumb\":{\"@id\":\"https:\/\/floresgali.com\/nosotros\/#breadcrumb\"},\"inLanguage\":\"es\",\"potentialAction\":[{\"@type\":\"ReadAction\",\"target\":[\"https:\/\/floresgali.com\/nosotros\/\"]}]},{\"@type\":\"ImageObject\",\"inLanguage\":\"es\",\"@id\":\"https:\/\/floresgali.com\/nosotros\/#primaryimage\",\"url\":\"https:\/\/floresgali.com\/wp-content\/uploads\/2026\/02\/about-img-4.jpg\",\"contentUrl\":\"https:\/\/floresgali.com\/wp-content\/uploads\/2026\/02\/about-img-4.jpg\"},{\"@type\":\"BreadcrumbList\",\"@id\":\"https:\/\/floresgali.com\/nosotros\/#breadcrumb\",\"itemListElement\":[{\"@type\":\"ListItem\",\"position\":1,\"name\":\"Portada\",\"item\":\"https:\/\/floresgali.com\/\"},{\"@type\":\"ListItem\",\"position\":2,\"name\":\"Nosotros\"}]},{\"@type\":\"WebSite\",\"@id\":\"https:\/\/floresgali.com\/#website\",\"url\":\"https:\/\/floresgali.com\/\",\"name\":\"Flores Gal\u00ed Associats\",\"description\":\"\",\"potentialAction\":[{\"@type\":\"SearchAction\",\"target\":{\"@type\":\"EntryPoint\",\"urlTemplate\":\"https:\/\/floresgali.com\/?s={search_term_string}\"},\"query-input\":{\"@type\":\"PropertyValueSpecification\",\"valueRequired\":true,\"valueName\":\"search_term_string\"}}],\"inLanguage\":\"es\"}]}<\/script>\n<!-- \/ Yoast SEO plugin. -->","yoast_head_json":{"title":"Nosotros - Flores Gal\u00ed Associats","robots":{"index":"index","follow":"follow","max-snippet":"max-snippet:-1","max-image-preview":"max-image-preview:large","max-video-preview":"max-video-preview:-1"},"canonical":"https:\/\/floresgali.com\/nosotros\/","og_locale":"es_ES","og_type":"article","og_title":"Nosotros - Flores Gal\u00ed Associats","og_description":"Nosotros + 0 A\u00f1os de experiencia Qui\u00e9nes somos Despacho especializado en servicios profesionales en \u00e1reas econ\u00f3micas, legales y de consultor\u00eda. Compuesto por un equipo de profesionales altamente experimentados, nos enorgullece ofrecer un asesoramiento altamente especializado y personalizado en \u00e1mbitos econ\u00f3micos, legales, financieros y de gesti\u00f3n. Nuestra pasi\u00f3n es acompa\u00f1ar al cliente en su aventura empresarial, [&hellip;]","og_url":"https:\/\/floresgali.com\/nosotros\/","og_site_name":"Flores Gal\u00ed Associats","article_modified_time":"2026-02-24T11:00:05+00:00","og_image":[{"width":599,"height":626,"url":"https:\/\/floresgali.com\/wp-content\/uploads\/2026\/02\/about-img-4.jpg","type":"image\/jpeg"}],"twitter_card":"summary_large_image","twitter_misc":{"Tiempo de lectura":"1 minuto"},"schema":{"@context":"https:\/\/schema.org","@graph":[{"@type":"WebPage","@id":"https:\/\/floresgali.com\/nosotros\/","url":"https:\/\/floresgali.com\/nosotros\/","name":"Nosotros - Flores Gal\u00ed Associats","isPartOf":{"@id":"https:\/\/floresgali.com\/#website"},"primaryImageOfPage":{"@id":"https:\/\/floresgali.com\/nosotros\/#primaryimage"},"image":{"@id":"https:\/\/floresgali.com\/nosotros\/#primaryimage"},"thumbnailUrl":"https:\/\/floresgali.com\/wp-content\/uploads\/2026\/02\/about-img-4.jpg","datePublished":"2026-02-09T15:50:21+00:00","dateModified":"2026-02-24T11:00:05+00:00","breadcrumb":{"@id":"https:\/\/floresgali.com\/nosotros\/#breadcrumb"},"inLanguage":"es","potentialAction":[{"@type":"ReadAction","target":["https:\/\/floresgali.com\/nosotros\/"]}]},{"@type":"ImageObject","inLanguage":"es","@id":"https:\/\/floresgali.com\/nosotros\/#primaryimage","url":"https:\/\/floresgali.com\/wp-content\/uploads\/2026\/02\/about-img-4.jpg","contentUrl":"https:\/\/floresgali.com\/wp-content\/uploads\/2026\/02\/about-img-4.jpg"},{"@type":"BreadcrumbList","@id":"https:\/\/floresgali.com\/nosotros\/#breadcrumb","itemListElement":[{"@type":"ListItem","position":1,"name":"Portada","item":"https:\/\/floresgali.com\/"},{"@type":"ListItem","position":2,"name":"Nosotros"}]},{"@type":"WebSite","@id":"https:\/\/floresgali.com\/#website","url":"https:\/\/floresgali.com\/","name":"Flores Gal\u00ed Associats","description":"","potentialAction":[{"@type":"SearchAction","target":{"@type":"EntryPoint","urlTemplate":"https:\/\/floresgali.com\/?s={search_term_string}"},"query-input":{"@type":"PropertyValueSpecification","valueRequired":true,"valueName":"search_term_string"}}],"inLanguage":"es"}]}},"_links":{"self":[{"href":"https:\/\/floresgali.com\/es\/wp-json\/wp\/v2\/pages\/619","targetHints":{"allow":["GET"]}}],"collection":[{"href":"https:\/\/floresgali.com\/es\/wp-json\/wp\/v2\/pages"}],"about":[{"href":"https:\/\/floresgali.com\/es\/wp-json\/wp\/v2\/types\/page"}],"author":[{"embeddable":true,"href":"https:\/\/floresgali.com\/es\/wp-json\/wp\/v2\/users\/1"}],"replies":[{"embeddable":true,"href":"https:\/\/floresgali.com\/es\/wp-json\/wp\/v2\/comments?post=619"}],"version-history":[{"count":90,"href":"https:\/\/floresgali.com\/es\/wp-json\/wp\/v2\/pages\/619\/revisions"}],"predecessor-version":[{"id":1281,"href":"https:\/\/floresgali.com\/es\/wp-json\/wp\/v2\/pages\/619\/revisions\/1281"}],"wp:attachment":[{"href":"https:\/\/floresgali.com\/es\/wp-json\/wp\/v2\/media?parent=619"}],"curies":[{"name":"wp","href":"https:\/\/api.w.org\/{rel}","templated":true}]}}