{"id":759,"date":"2026-02-09T17:22:31","date_gmt":"2026-02-09T16:22:31","guid":{"rendered":"https:\/\/floresgali.com\/?page_id=759"},"modified":"2026-03-30T08:26:18","modified_gmt":"2026-03-30T06:26:18","slug":"asesoramiento-contable","status":"publish","type":"page","link":"https:\/\/floresgali.com\/es\/asesoramiento-contable\/","title":{"rendered":"Asesoramiento Contable"},"content":{"rendered":"\t\t<div data-elementor-type=\"wp-page\" data-elementor-id=\"759\" class=\"elementor elementor-759\" data-elementor-post-type=\"page\">\n\t\t\t\t<div class=\"elementor-element elementor-element-644f820a e-flex e-con-boxed e-con e-parent\" data-id=\"644f820a\" data-element_type=\"container\" data-settings=\"{&quot;background_background&quot;:&quot;classic&quot;}\">\n\t\t\t\t\t<div class=\"e-con-inner\">\n\t\t<div class=\"elementor-element elementor-element-2c03aa6c e-con-full e-flex e-con e-child\" data-id=\"2c03aa6c\" data-element_type=\"container\">\n\t\t<div class=\"elementor-element elementor-element-6d827ce5 e-con-full e-flex elementor-invisible e-con e-child\" data-id=\"6d827ce5\" data-element_type=\"container\" data-settings=\"{&quot;animation&quot;:&quot;fadeIn&quot;}\">\n\t\t\t\t<\/div>\n\t\t\t\t<\/div>\n\t\t\t\t\t<\/div>\n\t\t\t\t<\/div>\n\t\t<div class=\"elementor-element elementor-element-5a626e02 e-flex e-con-boxed e-con e-parent\" data-id=\"5a626e02\" data-element_type=\"container\" data-settings=\"{&quot;background_background&quot;:&quot;classic&quot;}\">\n\t\t\t\t\t<div class=\"e-con-inner\">\n\t\t<div class=\"elementor-element elementor-element-3c179049 e-con-full e-flex e-con e-child\" data-id=\"3c179049\" data-element_type=\"container\">\n\t\t<div class=\"elementor-element elementor-element-16eff362 e-con-full e-flex e-con e-child\" data-id=\"16eff362\" data-element_type=\"container\">\n\t\t\t\t<div class=\"elementor-element elementor-element-4212b14b elementor-invisible elementor-widget elementor-widget-image\" data-id=\"4212b14b\" data-element_type=\"widget\" data-settings=\"{&quot;_animation&quot;:&quot;fadeIn&quot;}\" data-widget_type=\"image.default\">\n\t\t\t\t\t\t\t\t\t\t\t\t\t\t\t<img fetchpriority=\"high\" decoding=\"async\" width=\"550\" height=\"420\" src=\"https:\/\/floresgali.com\/wp-content\/uploads\/2026\/02\/asesor-contable.jpg\" class=\"attachment-full size-full wp-image-1198\" alt=\"\" srcset=\"https:\/\/floresgali.com\/wp-content\/uploads\/2026\/02\/asesor-contable.jpg 550w, https:\/\/floresgali.com\/wp-content\/uploads\/2026\/02\/asesor-contable-300x229.jpg 300w\" sizes=\"(max-width: 550px) 100vw, 550px\" \/>\t\t\t\t\t\t\t\t\t\t\t\t\t\t\t<\/div>\n\t\t\t\t<\/div>\n\t\t<div class=\"elementor-element elementor-element-1b83488c e-con-full e-flex elementor-invisible e-con e-child\" data-id=\"1b83488c\" data-element_type=\"container\" data-settings=\"{&quot;animation&quot;:&quot;fadeIn&quot;}\">\n\t\t\t\t<div class=\"elementor-element elementor-element-32d1e99e elementor-widget elementor-widget-heading\" data-id=\"32d1e99e\" data-element_type=\"widget\" data-widget_type=\"heading.default\">\n\t\t\t\t\t<h1 class=\"elementor-heading-title elementor-size-default\">Asesor contable en Barcelona<\/h1>\t\t\t\t<\/div>\n\t\t\t\t<div class=\"elementor-element elementor-element-4eed51f elementor-widget-laptop__width-inherit elementor-widget elementor-widget-text-editor\" data-id=\"4eed51f\" data-element_type=\"widget\" data-widget_type=\"text-editor.default\">\n\t\t\t\t\t\t\t\t\t<p>La contabilidad es el term\u00f3metro de tu empresa. Te dice si las cosas van bien, si hay problemas de liquidez, si un proyecto es rentable. Pero solo funciona si est\u00e1 bien hecha y actualizada.<\/p>\t\t\t\t\t\t\t\t<\/div>\n\t\t\t\t<div class=\"elementor-element elementor-element-bf0b07b elementor-widget-laptop__width-inherit elementor-widget elementor-widget-text-editor\" data-id=\"bf0b07b\" data-element_type=\"widget\" data-widget_type=\"text-editor.default\">\n\t\t\t\t\t\t\t\t\t<p>Ofrecemos un servicio de <strong>asesor\u00eda contable en Barcelona<\/strong> que va m\u00e1s all\u00e1 de cumplir obligaciones legales. Queremos que tu contabilidad sea una herramienta de gesti\u00f3n \u00fatil.<\/p>\t\t\t\t\t\t\t\t<\/div>\n\t\t\t\t<div class=\"elementor-element elementor-element-b028a92 elementor-invisible elementor-widget elementor-widget-button\" data-id=\"b028a92\" data-element_type=\"widget\" data-settings=\"{&quot;_animation&quot;:&quot;fadeIn&quot;}\" data-widget_type=\"button.default\">\n\t\t\t\t\t\t\t\t\t\t<a class=\"elementor-button elementor-button-link elementor-size-sm\" href=\"\/es\/contacto\/\">\n\t\t\t\t\t\t<span class=\"elementor-button-content-wrapper\">\n\t\t\t\t\t\t\t\t\t<span class=\"elementor-button-text\">Cu\u00e9ntanos tu caso<\/span>\n\t\t\t\t\t<\/span>\n\t\t\t\t\t<\/a>\n\t\t\t\t\t\t\t\t<\/div>\n\t\t\t\t<\/div>\n\t\t\t\t<\/div>\n\t\t\t\t\t<\/div>\n\t\t\t\t<\/div>\n\t\t<div class=\"elementor-element elementor-element-1265b999 e-flex e-con-boxed e-con e-parent\" data-id=\"1265b999\" data-element_type=\"container\" data-settings=\"{&quot;background_background&quot;:&quot;classic&quot;}\">\n\t\t\t\t\t<div class=\"e-con-inner\">\n\t\t<div class=\"elementor-element elementor-element-5523d354 e-con-full e-flex elementor-invisible e-con e-child\" data-id=\"5523d354\" data-element_type=\"container\" data-settings=\"{&quot;animation&quot;:&quot;fadeIn&quot;}\">\n\t\t\t\t<div class=\"elementor-element elementor-element-119e8d37 elementor-widget elementor-widget-heading\" data-id=\"119e8d37\" data-element_type=\"widget\" data-widget_type=\"heading.default\">\n\t\t\t\t\t<h2 class=\"elementor-heading-title elementor-size-default\">Servicios de asesoramiento contable<\/h2>\t\t\t\t<\/div>\n\t\t\t\t<\/div>\n\t\t<div class=\"elementor-element elementor-element-47969d69 e-con-full e-flex elementor-invisible e-con e-child\" data-id=\"47969d69\" data-element_type=\"container\" data-settings=\"{&quot;animation&quot;:&quot;fadeInUp&quot;}\">\n\t\t<div class=\"elementor-element elementor-element-774d95f4 e-con-full e-flex e-con e-child\" data-id=\"774d95f4\" data-element_type=\"container\" data-settings=\"{&quot;background_background&quot;:&quot;classic&quot;}\">\n\t\t<div class=\"elementor-element elementor-element-71e350c5 e-con-full e-flex e-con e-child\" data-id=\"71e350c5\" data-element_type=\"container\" data-settings=\"{&quot;background_background&quot;:&quot;classic&quot;}\">\n\t\t\t\t<div class=\"elementor-element elementor-element-3ccc97b8 elementor-widget elementor-widget-image\" data-id=\"3ccc97b8\" data-element_type=\"widget\" data-widget_type=\"image.default\">\n\t\t\t\t\t\t\t\t\t\t\t\t\t\t\t<img decoding=\"async\" width=\"2000\" height=\"2000\" src=\"https:\/\/floresgali.com\/wp-content\/uploads\/2026\/02\/lista.png\" class=\"attachment-full size-full wp-image-1128\" alt=\"\" srcset=\"https:\/\/floresgali.com\/wp-content\/uploads\/2026\/02\/lista.png 2000w, https:\/\/floresgali.com\/wp-content\/uploads\/2026\/02\/lista-300x300.png 300w, https:\/\/floresgali.com\/wp-content\/uploads\/2026\/02\/lista-1024x1024.png 1024w, https:\/\/floresgali.com\/wp-content\/uploads\/2026\/02\/lista-150x150.png 150w, https:\/\/floresgali.com\/wp-content\/uploads\/2026\/02\/lista-768x768.png 768w, https:\/\/floresgali.com\/wp-content\/uploads\/2026\/02\/lista-1536x1536.png 1536w\" sizes=\"(max-width: 2000px) 100vw, 2000px\" \/>\t\t\t\t\t\t\t\t\t\t\t\t\t\t\t<\/div>\n\t\t\t\t<\/div>\n\t\t\t\t<div class=\"elementor-element elementor-element-73d6550 elementor-widget elementor-widget-heading\" data-id=\"73d6550\" data-element_type=\"widget\" data-widget_type=\"heading.default\">\n\t\t\t\t\t<h2 class=\"elementor-heading-title elementor-size-default\">Gesti\u00f3n de libros contables<\/h2>\t\t\t\t<\/div>\n\t\t\t\t<div class=\"elementor-element elementor-element-d2275e3 elementor-widget elementor-widget-text-editor\" data-id=\"d2275e3\" data-element_type=\"widget\" data-widget_type=\"text-editor.default\">\n\t\t\t\t\t\t\t\t\t<p>Registramos todas las operaciones conforme al Plan General de Contabilidad. Facturas, movimientos bancarios, n\u00f3minas, amortizaciones.<\/p>\t\t\t\t\t\t\t\t<\/div>\n\t\t\t\t<\/div>\n\t\t<div class=\"elementor-element elementor-element-1ea28265 e-con-full e-flex e-con e-child\" data-id=\"1ea28265\" data-element_type=\"container\" data-settings=\"{&quot;background_background&quot;:&quot;classic&quot;}\">\n\t\t<div class=\"elementor-element elementor-element-4ffb51c3 e-con-full e-flex e-con e-child\" data-id=\"4ffb51c3\" data-element_type=\"container\" data-settings=\"{&quot;background_background&quot;:&quot;classic&quot;}\">\n\t\t\t\t<div class=\"elementor-element elementor-element-160475a9 elementor-widget elementor-widget-image\" data-id=\"160475a9\" data-element_type=\"widget\" data-widget_type=\"image.default\">\n\t\t\t\t\t\t\t\t\t\t\t\t\t\t\t<img decoding=\"async\" width=\"1000\" height=\"1000\" src=\"https:\/\/floresgali.com\/wp-content\/uploads\/2026\/02\/libros.png\" class=\"attachment-full size-full wp-image-1130\" alt=\"\" srcset=\"https:\/\/floresgali.com\/wp-content\/uploads\/2026\/02\/libros.png 1000w, https:\/\/floresgali.com\/wp-content\/uploads\/2026\/02\/libros-300x300.png 300w, https:\/\/floresgali.com\/wp-content\/uploads\/2026\/02\/libros-150x150.png 150w, https:\/\/floresgali.com\/wp-content\/uploads\/2026\/02\/libros-768x768.png 768w\" sizes=\"(max-width: 1000px) 100vw, 1000px\" \/>\t\t\t\t\t\t\t\t\t\t\t\t\t\t\t<\/div>\n\t\t\t\t<\/div>\n\t\t\t\t<div class=\"elementor-element elementor-element-36a59b elementor-widget elementor-widget-heading\" data-id=\"36a59b\" data-element_type=\"widget\" data-widget_type=\"heading.default\">\n\t\t\t\t\t<h2 class=\"elementor-heading-title elementor-size-default\">Libros oficiales y Registro Mercantil<\/h2>\t\t\t\t<\/div>\n\t\t\t\t<div class=\"elementor-element elementor-element-308dfc53 elementor-widget elementor-widget-text-editor\" data-id=\"308dfc53\" data-element_type=\"widget\" data-widget_type=\"text-editor.default\">\n\t\t\t\t\t\t\t\t\t<p>Libro Diario, Libro de Inventarios, Libro de Actas. Preparamos todos los libros oficiales y nos encargamos de su legalizaci\u00f3n.<\/p>\t\t\t\t\t\t\t\t<\/div>\n\t\t\t\t<\/div>\n\t\t<div class=\"elementor-element elementor-element-d10bc e-con-full e-flex e-con e-child\" data-id=\"d10bc\" data-element_type=\"container\" data-settings=\"{&quot;background_background&quot;:&quot;classic&quot;}\">\n\t\t<div class=\"elementor-element elementor-element-6ac503a3 e-con-full e-flex e-con e-child\" data-id=\"6ac503a3\" data-element_type=\"container\" data-settings=\"{&quot;background_background&quot;:&quot;classic&quot;}\">\n\t\t\t\t<div class=\"elementor-element elementor-element-3cc9cdcd elementor-widget elementor-widget-image\" data-id=\"3cc9cdcd\" data-element_type=\"widget\" data-widget_type=\"image.default\">\n\t\t\t\t\t\t\t\t\t\t\t\t\t\t\t<img loading=\"lazy\" decoding=\"async\" width=\"1000\" height=\"1000\" src=\"https:\/\/floresgali.com\/wp-content\/uploads\/2026\/02\/balance-cuentas-perdidas.png\" class=\"attachment-full size-full wp-image-1131\" alt=\"\" srcset=\"https:\/\/floresgali.com\/wp-content\/uploads\/2026\/02\/balance-cuentas-perdidas.png 1000w, https:\/\/floresgali.com\/wp-content\/uploads\/2026\/02\/balance-cuentas-perdidas-300x300.png 300w, https:\/\/floresgali.com\/wp-content\/uploads\/2026\/02\/balance-cuentas-perdidas-150x150.png 150w, https:\/\/floresgali.com\/wp-content\/uploads\/2026\/02\/balance-cuentas-perdidas-768x768.png 768w\" sizes=\"(max-width: 1000px) 100vw, 1000px\" \/>\t\t\t\t\t\t\t\t\t\t\t\t\t\t\t<\/div>\n\t\t\t\t<\/div>\n\t\t\t\t<div class=\"elementor-element elementor-element-2e3efef7 elementor-widget elementor-widget-heading\" data-id=\"2e3efef7\" data-element_type=\"widget\" data-widget_type=\"heading.default\">\n\t\t\t\t\t<h2 class=\"elementor-heading-title elementor-size-default\">Cuentas anuales<\/h2>\t\t\t\t<\/div>\n\t\t\t\t<div class=\"elementor-element elementor-element-38002c55 elementor-widget elementor-widget-text-editor\" data-id=\"38002c55\" data-element_type=\"widget\" data-widget_type=\"text-editor.default\">\n\t\t\t\t\t\t\t\t\t<p>Balance, cuenta de p\u00e9rdidas y ganancias, memoria. Preparamos las cuentas anuales y las depositamos en el Registro Mercantil.<\/p>\t\t\t\t\t\t\t\t<\/div>\n\t\t\t\t<\/div>\n\t\t\t\t<\/div>\n\t\t\t\t\t<\/div>\n\t\t\t\t<\/div>\n\t\t\t\t<\/div>\n\t\t","protected":false},"excerpt":{"rendered":"<p>Asesor contable en Barcelona La contabilidad es el term\u00f3metro de tu empresa. Te dice si las cosas van bien, si hay problemas de liquidez, si un proyecto es rentable. Pero solo funciona si est\u00e1 bien hecha y actualizada. Ofrecemos un servicio de asesor\u00eda contable en Barcelona que va m\u00e1s all\u00e1 de cumplir obligaciones legales. Queremos [&hellip;]<\/p>\n","protected":false},"author":1,"featured_media":0,"parent":0,"menu_order":0,"comment_status":"closed","ping_status":"closed","template":"elementor_header_footer","meta":{"footnotes":""},"class_list":["post-759","page","type-page","status-publish","hentry"],"yoast_head":"<!-- This site is optimized with the Yoast SEO plugin v26.7 - https:\/\/yoast.com\/wordpress\/plugins\/seo\/ -->\n<title>Asesor contable Barcelona | Gesti\u00f3n de cuentas anuales | Flores Gal\u00ed<\/title>\n<meta name=\"description\" content=\"Asesor contable en Barcelona especializado en pymes. Gesti\u00f3n de libros contables, cuentas anuales y presentaci\u00f3n en Registro Mercantil.\" \/>\n<meta name=\"robots\" content=\"index, follow, max-snippet:-1, max-image-preview:large, max-video-preview:-1\" \/>\n<link rel=\"canonical\" href=\"https:\/\/floresgali.com\/es\/asesoramiento-contable\/\" \/>\n<meta property=\"og:locale\" content=\"es_ES\" \/>\n<meta property=\"og:type\" content=\"article\" \/>\n<meta property=\"og:title\" content=\"Asesor contable Barcelona | Gesti\u00f3n de cuentas anuales | Flores Gal\u00ed\" \/>\n<meta property=\"og:description\" content=\"Asesor contable en Barcelona especializado en pymes. Gesti\u00f3n de libros contables, cuentas anuales y presentaci\u00f3n en Registro Mercantil.\" \/>\n<meta property=\"og:url\" content=\"https:\/\/floresgali.com\/es\/asesoramiento-contable\/\" \/>\n<meta property=\"og:site_name\" content=\"Flores Gal\u00ed Associats\" \/>\n<meta property=\"article:modified_time\" content=\"2026-03-30T06:26:18+00:00\" \/>\n<meta property=\"og:image\" content=\"https:\/\/floresgali.com\/wp-content\/uploads\/2026\/02\/asesor-contable.jpg\" \/>\n<meta name=\"twitter:card\" content=\"summary_large_image\" \/>\n<meta name=\"twitter:label1\" content=\"Tiempo de lectura\" \/>\n\t<meta name=\"twitter:data1\" content=\"2 minutos\" \/>\n<script type=\"application\/ld+json\" class=\"yoast-schema-graph\">{\"@context\":\"https:\/\/schema.org\",\"@graph\":[{\"@type\":\"WebPage\",\"@id\":\"https:\/\/floresgali.com\/es\/asesoramiento-contable\/\",\"url\":\"https:\/\/floresgali.com\/es\/asesoramiento-contable\/\",\"name\":\"Asesor contable Barcelona | Gesti\u00f3n de cuentas anuales | Flores Gal\u00ed\",\"isPartOf\":{\"@id\":\"https:\/\/floresgali.com\/#website\"},\"primaryImageOfPage\":{\"@id\":\"https:\/\/floresgali.com\/es\/asesoramiento-contable\/#primaryimage\"},\"image\":{\"@id\":\"https:\/\/floresgali.com\/es\/asesoramiento-contable\/#primaryimage\"},\"thumbnailUrl\":\"https:\/\/floresgali.com\/wp-content\/uploads\/2026\/02\/asesor-contable.jpg\",\"datePublished\":\"2026-02-09T16:22:31+00:00\",\"dateModified\":\"2026-03-30T06:26:18+00:00\",\"description\":\"Asesor contable en Barcelona especializado en pymes. Gesti\u00f3n de libros contables, cuentas anuales y presentaci\u00f3n en Registro Mercantil.\",\"breadcrumb\":{\"@id\":\"https:\/\/floresgali.com\/es\/asesoramiento-contable\/#breadcrumb\"},\"inLanguage\":\"es\",\"potentialAction\":[{\"@type\":\"ReadAction\",\"target\":[\"https:\/\/floresgali.com\/es\/asesoramiento-contable\/\"]}]},{\"@type\":\"ImageObject\",\"inLanguage\":\"es\",\"@id\":\"https:\/\/floresgali.com\/es\/asesoramiento-contable\/#primaryimage\",\"url\":\"https:\/\/floresgali.com\/wp-content\/uploads\/2026\/02\/asesor-contable.jpg\",\"contentUrl\":\"https:\/\/floresgali.com\/wp-content\/uploads\/2026\/02\/asesor-contable.jpg\"},{\"@type\":\"BreadcrumbList\",\"@id\":\"https:\/\/floresgali.com\/es\/asesoramiento-contable\/#breadcrumb\",\"itemListElement\":[{\"@type\":\"ListItem\",\"position\":1,\"name\":\"Portada\",\"item\":\"https:\/\/floresgali.com\/\"},{\"@type\":\"ListItem\",\"position\":2,\"name\":\"Asesoramiento Contable\"}]},{\"@type\":\"WebSite\",\"@id\":\"https:\/\/floresgali.com\/#website\",\"url\":\"https:\/\/floresgali.com\/\",\"name\":\"Flores Gal\u00ed Associats\",\"description\":\"\",\"potentialAction\":[{\"@type\":\"SearchAction\",\"target\":{\"@type\":\"EntryPoint\",\"urlTemplate\":\"https:\/\/floresgali.com\/?s={search_term_string}\"},\"query-input\":{\"@type\":\"PropertyValueSpecification\",\"valueRequired\":true,\"valueName\":\"search_term_string\"}}],\"inLanguage\":\"es\"}]}<\/script>\n<!-- \/ Yoast SEO plugin. -->","yoast_head_json":{"title":"Asesor contable Barcelona | Gesti\u00f3n de cuentas anuales | Flores Gal\u00ed","description":"Asesor contable en Barcelona especializado en pymes. Gesti\u00f3n de libros contables, cuentas anuales y presentaci\u00f3n en Registro Mercantil.","robots":{"index":"index","follow":"follow","max-snippet":"max-snippet:-1","max-image-preview":"max-image-preview:large","max-video-preview":"max-video-preview:-1"},"canonical":"https:\/\/floresgali.com\/es\/asesoramiento-contable\/","og_locale":"es_ES","og_type":"article","og_title":"Asesor contable Barcelona | Gesti\u00f3n de cuentas anuales | Flores Gal\u00ed","og_description":"Asesor contable en Barcelona especializado en pymes. Gesti\u00f3n de libros contables, cuentas anuales y presentaci\u00f3n en Registro Mercantil.","og_url":"https:\/\/floresgali.com\/es\/asesoramiento-contable\/","og_site_name":"Flores Gal\u00ed Associats","article_modified_time":"2026-03-30T06:26:18+00:00","og_image":[{"url":"https:\/\/floresgali.com\/wp-content\/uploads\/2026\/02\/asesor-contable.jpg","type":"","width":"","height":""}],"twitter_card":"summary_large_image","twitter_misc":{"Tiempo de lectura":"2 minutos"},"schema":{"@context":"https:\/\/schema.org","@graph":[{"@type":"WebPage","@id":"https:\/\/floresgali.com\/es\/asesoramiento-contable\/","url":"https:\/\/floresgali.com\/es\/asesoramiento-contable\/","name":"Asesor contable Barcelona | Gesti\u00f3n de cuentas anuales | Flores Gal\u00ed","isPartOf":{"@id":"https:\/\/floresgali.com\/#website"},"primaryImageOfPage":{"@id":"https:\/\/floresgali.com\/es\/asesoramiento-contable\/#primaryimage"},"image":{"@id":"https:\/\/floresgali.com\/es\/asesoramiento-contable\/#primaryimage"},"thumbnailUrl":"https:\/\/floresgali.com\/wp-content\/uploads\/2026\/02\/asesor-contable.jpg","datePublished":"2026-02-09T16:22:31+00:00","dateModified":"2026-03-30T06:26:18+00:00","description":"Asesor contable en Barcelona especializado en pymes. Gesti\u00f3n de libros contables, cuentas anuales y presentaci\u00f3n en Registro Mercantil.","breadcrumb":{"@id":"https:\/\/floresgali.com\/es\/asesoramiento-contable\/#breadcrumb"},"inLanguage":"es","potentialAction":[{"@type":"ReadAction","target":["https:\/\/floresgali.com\/es\/asesoramiento-contable\/"]}]},{"@type":"ImageObject","inLanguage":"es","@id":"https:\/\/floresgali.com\/es\/asesoramiento-contable\/#primaryimage","url":"https:\/\/floresgali.com\/wp-content\/uploads\/2026\/02\/asesor-contable.jpg","contentUrl":"https:\/\/floresgali.com\/wp-content\/uploads\/2026\/02\/asesor-contable.jpg"},{"@type":"BreadcrumbList","@id":"https:\/\/floresgali.com\/es\/asesoramiento-contable\/#breadcrumb","itemListElement":[{"@type":"ListItem","position":1,"name":"Portada","item":"https:\/\/floresgali.com\/"},{"@type":"ListItem","position":2,"name":"Asesoramiento Contable"}]},{"@type":"WebSite","@id":"https:\/\/floresgali.com\/#website","url":"https:\/\/floresgali.com\/","name":"Flores Gal\u00ed Associats","description":"","potentialAction":[{"@type":"SearchAction","target":{"@type":"EntryPoint","urlTemplate":"https:\/\/floresgali.com\/?s={search_term_string}"},"query-input":{"@type":"PropertyValueSpecification","valueRequired":true,"valueName":"search_term_string"}}],"inLanguage":"es"}]}},"_links":{"self":[{"href":"https:\/\/floresgali.com\/es\/wp-json\/wp\/v2\/pages\/759","targetHints":{"allow":["GET"]}}],"collection":[{"href":"https:\/\/floresgali.com\/es\/wp-json\/wp\/v2\/pages"}],"about":[{"href":"https:\/\/floresgali.com\/es\/wp-json\/wp\/v2\/types\/page"}],"author":[{"embeddable":true,"href":"https:\/\/floresgali.com\/es\/wp-json\/wp\/v2\/users\/1"}],"replies":[{"embeddable":true,"href":"https:\/\/floresgali.com\/es\/wp-json\/wp\/v2\/comments?post=759"}],"version-history":[{"count":73,"href":"https:\/\/floresgali.com\/es\/wp-json\/wp\/v2\/pages\/759\/revisions"}],"predecessor-version":[{"id":1539,"href":"https:\/\/floresgali.com\/es\/wp-json\/wp\/v2\/pages\/759\/revisions\/1539"}],"wp:attachment":[{"href":"https:\/\/floresgali.com\/es\/wp-json\/wp\/v2\/media?parent=759"}],"curies":[{"name":"wp","href":"https:\/\/api.w.org\/{rel}","templated":true}]}}