{"id":899,"date":"2026-02-16T12:59:31","date_gmt":"2026-02-16T11:59:31","guid":{"rendered":"https:\/\/floresgali.com\/?page_id=899"},"modified":"2026-03-30T08:27:17","modified_gmt":"2026-03-30T06:27:17","slug":"asesoramiento-laboral","status":"publish","type":"page","link":"https:\/\/floresgali.com\/es\/asesoramiento-laboral\/","title":{"rendered":"Asesoramiento Laboral"},"content":{"rendered":"\t\t<div data-elementor-type=\"wp-page\" data-elementor-id=\"899\" class=\"elementor elementor-899\" data-elementor-post-type=\"page\">\n\t\t\t\t<div class=\"elementor-element elementor-element-31f51b5 e-flex e-con-boxed e-con e-parent\" data-id=\"31f51b5\" data-element_type=\"container\" data-settings=\"{&quot;background_background&quot;:&quot;classic&quot;}\">\n\t\t\t\t\t<div class=\"e-con-inner\">\n\t\t<div class=\"elementor-element elementor-element-cd511e5 e-con-full e-flex e-con e-child\" data-id=\"cd511e5\" data-element_type=\"container\">\n\t\t<div class=\"elementor-element elementor-element-216a24e e-con-full e-flex elementor-invisible e-con e-child\" data-id=\"216a24e\" data-element_type=\"container\" data-settings=\"{&quot;animation&quot;:&quot;fadeIn&quot;}\">\n\t\t\t\t<\/div>\n\t\t\t\t<\/div>\n\t\t\t\t\t<\/div>\n\t\t\t\t<\/div>\n\t\t<div class=\"elementor-element elementor-element-51fd27f e-flex e-con-boxed e-con e-parent\" data-id=\"51fd27f\" data-element_type=\"container\" data-settings=\"{&quot;background_background&quot;:&quot;classic&quot;}\">\n\t\t\t\t\t<div class=\"e-con-inner\">\n\t\t<div class=\"elementor-element elementor-element-fae1ae5 e-con-full e-flex e-con e-child\" data-id=\"fae1ae5\" data-element_type=\"container\">\n\t\t<div class=\"elementor-element elementor-element-d71c17a e-con-full e-flex e-con e-child\" data-id=\"d71c17a\" data-element_type=\"container\">\n\t\t\t\t<div class=\"elementor-element elementor-element-84a26d0 elementor-invisible elementor-widget elementor-widget-image\" data-id=\"84a26d0\" data-element_type=\"widget\" data-settings=\"{&quot;_animation&quot;:&quot;fadeIn&quot;}\" data-widget_type=\"image.default\">\n\t\t\t\t\t\t\t\t\t\t\t\t\t\t\t<img fetchpriority=\"high\" decoding=\"async\" width=\"550\" height=\"420\" src=\"https:\/\/floresgali.com\/wp-content\/uploads\/2026\/02\/asesoramiento-laboral.jpg\" class=\"attachment-full size-full wp-image-1211\" alt=\"\" srcset=\"https:\/\/floresgali.com\/wp-content\/uploads\/2026\/02\/asesoramiento-laboral.jpg 550w, https:\/\/floresgali.com\/wp-content\/uploads\/2026\/02\/asesoramiento-laboral-300x229.jpg 300w\" sizes=\"(max-width: 550px) 100vw, 550px\" \/>\t\t\t\t\t\t\t\t\t\t\t\t\t\t\t<\/div>\n\t\t\t\t<\/div>\n\t\t<div class=\"elementor-element elementor-element-a124bbd e-con-full e-flex elementor-invisible e-con e-child\" data-id=\"a124bbd\" data-element_type=\"container\" data-settings=\"{&quot;animation&quot;:&quot;fadeIn&quot;}\">\n\t\t\t\t<div class=\"elementor-element elementor-element-7d0032c elementor-widget elementor-widget-heading\" data-id=\"7d0032c\" data-element_type=\"widget\" data-widget_type=\"heading.default\">\n\t\t\t\t\t<h1 class=\"elementor-heading-title elementor-size-default\">Asesor laboral en Barcelona<\/h1>\t\t\t\t<\/div>\n\t\t\t\t<div class=\"elementor-element elementor-element-3e10e14 elementor-widget-laptop__width-inherit elementor-widget elementor-widget-text-editor\" data-id=\"3e10e14\" data-element_type=\"widget\" data-widget_type=\"text-editor.default\">\n\t\t\t\t\t\t\t\t\t<p>El derecho laboral en Espa\u00f1a es complejo. Contratos, convenios, despidos, ERTEs, bonificaciones, inspecciones&#8230; Un error en gesti\u00f3n de personal puede costarte mucho dinero y disgustos.<\/p>\t\t\t\t\t\t\t\t<\/div>\n\t\t\t\t<div class=\"elementor-element elementor-element-798ba16 elementor-widget-laptop__width-inherit elementor-widget elementor-widget-text-editor\" data-id=\"798ba16\" data-element_type=\"widget\" data-widget_type=\"text-editor.default\">\n\t\t\t\t\t\t\t\t\t<p>Somos una <strong>gestor\u00eda laboral en Barcelona<\/strong> que combina conocimiento jur\u00eddico con visi\u00f3n econ\u00f3mica y fiscal. No solo te decimos qu\u00e9 puedes hacer: te explicamos las implicaciones de cada decisi\u00f3n.<\/p>\t\t\t\t\t\t\t\t<\/div>\n\t\t\t\t<div class=\"elementor-element elementor-element-af467ee elementor-invisible elementor-widget elementor-widget-button\" data-id=\"af467ee\" data-element_type=\"widget\" data-settings=\"{&quot;_animation&quot;:&quot;fadeIn&quot;}\" data-widget_type=\"button.default\">\n\t\t\t\t\t\t\t\t\t\t<a class=\"elementor-button elementor-button-link elementor-size-sm\" href=\"\/es\/contacto\/\">\n\t\t\t\t\t\t<span class=\"elementor-button-content-wrapper\">\n\t\t\t\t\t\t\t\t\t<span class=\"elementor-button-text\">Cu\u00e9ntanos tu caso<\/span>\n\t\t\t\t\t<\/span>\n\t\t\t\t\t<\/a>\n\t\t\t\t\t\t\t\t<\/div>\n\t\t\t\t<\/div>\n\t\t\t\t<\/div>\n\t\t\t\t\t<\/div>\n\t\t\t\t<\/div>\n\t\t<div class=\"elementor-element elementor-element-cde75e7 e-flex e-con-boxed e-con e-parent\" data-id=\"cde75e7\" data-element_type=\"container\" data-settings=\"{&quot;background_background&quot;:&quot;classic&quot;}\">\n\t\t\t\t\t<div class=\"e-con-inner\">\n\t\t<div class=\"elementor-element elementor-element-1146519 e-con-full e-flex elementor-invisible e-con e-child\" data-id=\"1146519\" data-element_type=\"container\" data-settings=\"{&quot;animation&quot;:&quot;fadeIn&quot;}\">\n\t\t\t\t<div class=\"elementor-element elementor-element-42d9200 elementor-widget elementor-widget-heading\" data-id=\"42d9200\" data-element_type=\"widget\" data-widget_type=\"heading.default\">\n\t\t\t\t\t<h2 class=\"elementor-heading-title elementor-size-default\">Servicios de asesoramiento laboral<\/h2>\t\t\t\t<\/div>\n\t\t\t\t<\/div>\n\t\t<div class=\"elementor-element elementor-element-66519a8 e-con-full e-flex elementor-invisible e-con e-child\" data-id=\"66519a8\" data-element_type=\"container\" data-settings=\"{&quot;animation&quot;:&quot;fadeInUp&quot;}\">\n\t\t<div class=\"elementor-element elementor-element-095ca44 e-con-full e-flex e-con e-child\" data-id=\"095ca44\" data-element_type=\"container\" data-settings=\"{&quot;background_background&quot;:&quot;classic&quot;}\">\n\t\t<div class=\"elementor-element elementor-element-4869aa6 e-con-full e-flex e-con e-child\" data-id=\"4869aa6\" data-element_type=\"container\" data-settings=\"{&quot;background_background&quot;:&quot;classic&quot;}\">\n\t\t\t\t<div class=\"elementor-element elementor-element-7b7ec67 elementor-widget elementor-widget-image\" data-id=\"7b7ec67\" data-element_type=\"widget\" data-widget_type=\"image.default\">\n\t\t\t\t\t\t\t\t\t\t\t\t\t\t\t<img decoding=\"async\" width=\"1000\" height=\"1000\" src=\"https:\/\/floresgali.com\/wp-content\/uploads\/2026\/02\/icono1.png\" class=\"attachment-full size-full wp-image-1109\" alt=\"\" srcset=\"https:\/\/floresgali.com\/wp-content\/uploads\/2026\/02\/icono1.png 1000w, https:\/\/floresgali.com\/wp-content\/uploads\/2026\/02\/icono1-300x300.png 300w, https:\/\/floresgali.com\/wp-content\/uploads\/2026\/02\/icono1-150x150.png 150w, https:\/\/floresgali.com\/wp-content\/uploads\/2026\/02\/icono1-768x768.png 768w\" sizes=\"(max-width: 1000px) 100vw, 1000px\" \/>\t\t\t\t\t\t\t\t\t\t\t\t\t\t\t<\/div>\n\t\t\t\t<\/div>\n\t\t\t\t<div class=\"elementor-element elementor-element-0b9cb83 elementor-widget__width-initial elementor-widget elementor-widget-heading\" data-id=\"0b9cb83\" data-element_type=\"widget\" data-widget_type=\"heading.default\">\n\t\t\t\t\t<h3 class=\"elementor-heading-title elementor-size-default\">Asesoramiento en relaciones laborales<\/h3>\t\t\t\t<\/div>\n\t\t\t\t<div class=\"elementor-element elementor-element-01dd770 elementor-widget elementor-widget-text-editor\" data-id=\"01dd770\" data-element_type=\"widget\" data-widget_type=\"text-editor.default\">\n\t\t\t\t\t\t\t\t\t<p>Contrataciones, modificaciones, sanciones, despidos, negociaci\u00f3n con comit\u00e9s. Te asesoramos asegurando que act\u00faas conforme a ley.<\/p>\t\t\t\t\t\t\t\t<\/div>\n\t\t\t\t<\/div>\n\t\t<div class=\"elementor-element elementor-element-4196f79 e-con-full e-flex e-con e-child\" data-id=\"4196f79\" data-element_type=\"container\" data-settings=\"{&quot;background_background&quot;:&quot;classic&quot;}\">\n\t\t<div class=\"elementor-element elementor-element-1af9bd4 e-con-full e-flex e-con e-child\" data-id=\"1af9bd4\" data-element_type=\"container\" data-settings=\"{&quot;background_background&quot;:&quot;classic&quot;}\">\n\t\t\t\t<div class=\"elementor-element elementor-element-045fa95 elementor-widget elementor-widget-image\" data-id=\"045fa95\" data-element_type=\"widget\" data-widget_type=\"image.default\">\n\t\t\t\t\t\t\t\t\t\t\t\t\t\t\t<img decoding=\"async\" src=\"https:\/\/floresgali.com\/wp-content\/uploads\/2026\/02\/icono2.png\" title=\"\" alt=\"\" loading=\"lazy\" \/>\t\t\t\t\t\t\t\t\t\t\t\t\t\t\t<\/div>\n\t\t\t\t<\/div>\n\t\t\t\t<div class=\"elementor-element elementor-element-e3e4501 elementor-widget elementor-widget-heading\" data-id=\"e3e4501\" data-element_type=\"widget\" data-widget_type=\"heading.default\">\n\t\t\t\t\t<h3 class=\"elementor-heading-title elementor-size-default\">Contratos y gesti\u00f3n de personal<\/h3>\t\t\t\t<\/div>\n\t\t\t\t<div class=\"elementor-element elementor-element-77947ac elementor-widget elementor-widget-text-editor\" data-id=\"77947ac\" data-element_type=\"widget\" data-widget_type=\"text-editor.default\">\n\t\t\t\t\t\t\t\t\t<p>\u00bfQu\u00e9 contrato es m\u00e1s adecuado? \u00bfCu\u00e1ndo puedes hacer temporal? \u00bfQu\u00e9 bonificaciones aplican? Te ayudamos a elegir y tramitamos.<\/p>\t\t\t\t\t\t\t\t<\/div>\n\t\t\t\t<\/div>\n\t\t<div class=\"elementor-element elementor-element-708acb7 e-con-full e-flex e-con e-child\" data-id=\"708acb7\" data-element_type=\"container\" data-settings=\"{&quot;background_background&quot;:&quot;classic&quot;}\">\n\t\t<div class=\"elementor-element elementor-element-d9bd5fe e-con-full e-flex e-con e-child\" data-id=\"d9bd5fe\" data-element_type=\"container\" data-settings=\"{&quot;background_background&quot;:&quot;classic&quot;}\">\n\t\t\t\t<div class=\"elementor-element elementor-element-6287b9f elementor-widget elementor-widget-image\" data-id=\"6287b9f\" data-element_type=\"widget\" data-widget_type=\"image.default\">\n\t\t\t\t\t\t\t\t\t\t\t\t\t\t\t<img decoding=\"async\" width=\"1000\" height=\"1000\" src=\"https:\/\/floresgali.com\/wp-content\/uploads\/2026\/02\/gestion-nomina.png\" class=\"attachment-full size-full wp-image-1111\" alt=\"\" srcset=\"https:\/\/floresgali.com\/wp-content\/uploads\/2026\/02\/gestion-nomina.png 1000w, https:\/\/floresgali.com\/wp-content\/uploads\/2026\/02\/gestion-nomina-300x300.png 300w, https:\/\/floresgali.com\/wp-content\/uploads\/2026\/02\/gestion-nomina-150x150.png 150w, https:\/\/floresgali.com\/wp-content\/uploads\/2026\/02\/gestion-nomina-768x768.png 768w\" sizes=\"(max-width: 1000px) 100vw, 1000px\" \/>\t\t\t\t\t\t\t\t\t\t\t\t\t\t\t<\/div>\n\t\t\t\t<\/div>\n\t\t\t\t<div class=\"elementor-element elementor-element-95fde3e elementor-widget elementor-widget-heading\" data-id=\"95fde3e\" data-element_type=\"widget\" data-widget_type=\"heading.default\">\n\t\t\t\t\t<h3 class=\"elementor-heading-title elementor-size-default\">Gesti\u00f3n de n\u00f3minas<\/h3>\t\t\t\t<\/div>\n\t\t\t\t<div class=\"elementor-element elementor-element-f3dd5a7 elementor-widget elementor-widget-text-editor\" data-id=\"f3dd5a7\" data-element_type=\"widget\" data-widget_type=\"text-editor.default\">\n\t\t\t\t\t\t\t\t\t<p>Elaboramos n\u00f3minas, calculamos cotizaciones, generamos ficheros de pago. Todo en plazo y sin errores.<\/p>\t\t\t\t\t\t\t\t<\/div>\n\t\t\t\t<\/div>\n\t\t<div class=\"elementor-element elementor-element-ae35712 e-con-full e-flex e-con e-child\" data-id=\"ae35712\" data-element_type=\"container\" data-settings=\"{&quot;background_background&quot;:&quot;classic&quot;}\">\n\t\t<div class=\"elementor-element elementor-element-b74327c e-con-full e-flex e-con e-child\" data-id=\"b74327c\" data-element_type=\"container\" data-settings=\"{&quot;background_background&quot;:&quot;classic&quot;}\">\n\t\t\t\t<div class=\"elementor-element elementor-element-9d15399 elementor-widget elementor-widget-image\" data-id=\"9d15399\" data-element_type=\"widget\" data-widget_type=\"image.default\">\n\t\t\t\t\t\t\t\t\t\t\t\t\t\t\t<img loading=\"lazy\" decoding=\"async\" width=\"1000\" height=\"1000\" src=\"https:\/\/floresgali.com\/wp-content\/uploads\/2026\/02\/conflicto.png\" class=\"attachment-full size-full wp-image-1115\" alt=\"\" srcset=\"https:\/\/floresgali.com\/wp-content\/uploads\/2026\/02\/conflicto.png 1000w, https:\/\/floresgali.com\/wp-content\/uploads\/2026\/02\/conflicto-300x300.png 300w, https:\/\/floresgali.com\/wp-content\/uploads\/2026\/02\/conflicto-150x150.png 150w, https:\/\/floresgali.com\/wp-content\/uploads\/2026\/02\/conflicto-768x768.png 768w\" sizes=\"(max-width: 1000px) 100vw, 1000px\" \/>\t\t\t\t\t\t\t\t\t\t\t\t\t\t\t<\/div>\n\t\t\t\t<\/div>\n\t\t\t\t<div class=\"elementor-element elementor-element-96b44d6 elementor-widget elementor-widget-heading\" data-id=\"96b44d6\" data-element_type=\"widget\" data-widget_type=\"heading.default\">\n\t\t\t\t\t<h3 class=\"elementor-heading-title elementor-size-default\">Conflictos laborales<\/h3>\t\t\t\t<\/div>\n\t\t\t\t<div class=\"elementor-element elementor-element-16a5d62 elementor-widget elementor-widget-text-editor\" data-id=\"16a5d62\" data-element_type=\"widget\" data-widget_type=\"text-editor.default\">\n\t\t\t\t\t\t\t\t\t<p>Reclamaciones, demandas por despido, cualquier conflicto. Te representamos buscando soluci\u00f3n negociada. Si hay que ir a juicio, tambi\u00e9n.<\/p>\t\t\t\t\t\t\t\t<\/div>\n\t\t\t\t<\/div>\n\t\t\t\t<\/div>\n\t\t\t\t\t<\/div>\n\t\t\t\t<\/div>\n\t\t<div class=\"elementor-element elementor-element-ada0a8f e-flex e-con-boxed e-con e-parent\" data-id=\"ada0a8f\" data-element_type=\"container\" data-settings=\"{&quot;background_background&quot;:&quot;classic&quot;}\">\n\t\t\t\t\t<div class=\"e-con-inner\">\n\t\t<div class=\"elementor-element elementor-element-b5e018b e-con-full e-flex e-con e-child\" data-id=\"b5e018b\" data-element_type=\"container\">\n\t\t<div class=\"elementor-element elementor-element-b333a13 e-con-full e-flex elementor-invisible e-con e-child\" data-id=\"b333a13\" data-element_type=\"container\" data-settings=\"{&quot;animation&quot;:&quot;fadeIn&quot;}\">\n\t\t\t\t<div class=\"elementor-element elementor-element-9477512 elementor-widget elementor-widget-heading\" data-id=\"9477512\" data-element_type=\"widget\" data-widget_type=\"heading.default\">\n\t\t\t\t\t<h2 class=\"elementor-heading-title elementor-size-default\">Enfoque multidisciplinar<\/h2>\t\t\t\t<\/div>\n\t\t\t\t<div class=\"elementor-element elementor-element-fa465fc elementor-widget-laptop__width-inherit elementor-widget elementor-widget-text-editor\" data-id=\"fa465fc\" data-element_type=\"widget\" data-widget_type=\"text-editor.default\">\n\t\t\t\t\t\t\t\t\t<p>Las decisiones laborales tienen implicaciones fiscales. El coste de un despido afecta tu cuenta de resultados. Por eso tu <strong>asesor laboral en Barcelona<\/strong> debe trabajar coordinado con tu asesor fiscal y contable. En Flores Gal\u00ed, ocurre de forma natural.<\/p>\t\t\t\t\t\t\t\t<\/div>\n\t\t\t\t<div class=\"elementor-element elementor-element-0e5fb9f elementor-widget-laptop__width-inherit elementor-widget elementor-widget-text-editor\" data-id=\"0e5fb9f\" data-element_type=\"widget\" data-widget_type=\"text-editor.default\">\n\t\t\t\t\t\t\t\t\t<p>Si buscas una <strong>gestor\u00eda laboral en Barcelona<\/strong> que entienda tu negocio, podemos ayudarte.<\/p>\t\t\t\t\t\t\t\t<\/div>\n\t\t\t\t<div class=\"elementor-element elementor-element-78d1def elementor-invisible elementor-widget elementor-widget-button\" data-id=\"78d1def\" data-element_type=\"widget\" data-settings=\"{&quot;_animation&quot;:&quot;fadeIn&quot;}\" data-widget_type=\"button.default\">\n\t\t\t\t\t\t\t\t\t\t<a class=\"elementor-button elementor-button-link elementor-size-sm\" href=\"\/es\/contacto\/\">\n\t\t\t\t\t\t<span class=\"elementor-button-content-wrapper\">\n\t\t\t\t\t\t\t\t\t<span class=\"elementor-button-text\">Contacta con nosotros<\/span>\n\t\t\t\t\t<\/span>\n\t\t\t\t\t<\/a>\n\t\t\t\t\t\t\t\t<\/div>\n\t\t\t\t<\/div>\n\t\t<div class=\"elementor-element elementor-element-4e26d64 e-con-full e-flex e-con e-child\" data-id=\"4e26d64\" data-element_type=\"container\">\n\t\t\t\t<div class=\"elementor-element elementor-element-9fc9c1a elementor-invisible elementor-widget elementor-widget-image\" data-id=\"9fc9c1a\" data-element_type=\"widget\" data-settings=\"{&quot;_animation&quot;:&quot;fadeIn&quot;}\" data-widget_type=\"image.default\">\n\t\t\t\t\t\t\t\t\t\t\t\t\t\t\t<img loading=\"lazy\" decoding=\"async\" width=\"550\" height=\"420\" src=\"https:\/\/floresgali.com\/wp-content\/uploads\/2026\/02\/enfoque-multidisciplinar.jpg\" class=\"attachment-full size-full wp-image-1216\" alt=\"\" srcset=\"https:\/\/floresgali.com\/wp-content\/uploads\/2026\/02\/enfoque-multidisciplinar.jpg 550w, https:\/\/floresgali.com\/wp-content\/uploads\/2026\/02\/enfoque-multidisciplinar-300x229.jpg 300w\" sizes=\"(max-width: 550px) 100vw, 550px\" \/>\t\t\t\t\t\t\t\t\t\t\t\t\t\t\t<\/div>\n\t\t\t\t<\/div>\n\t\t\t\t<\/div>\n\t\t\t\t\t<\/div>\n\t\t\t\t<\/div>\n\t\t\t\t<\/div>\n\t\t","protected":false},"excerpt":{"rendered":"<p>Asesor laboral en Barcelona El derecho laboral en Espa\u00f1a es complejo. Contratos, convenios, despidos, ERTEs, bonificaciones, inspecciones&#8230; Un error en gesti\u00f3n de personal puede costarte mucho dinero y disgustos. Somos una gestor\u00eda laboral en Barcelona que combina conocimiento jur\u00eddico con visi\u00f3n econ\u00f3mica y fiscal. No solo te decimos qu\u00e9 puedes hacer: te explicamos las implicaciones [&hellip;]<\/p>\n","protected":false},"author":2,"featured_media":0,"parent":0,"menu_order":0,"comment_status":"closed","ping_status":"closed","template":"elementor_header_footer","meta":{"footnotes":""},"class_list":["post-899","page","type-page","status-publish","hentry"],"yoast_head":"<!-- This site is optimized with the Yoast SEO plugin v26.7 - https:\/\/yoast.com\/wordpress\/plugins\/seo\/ -->\n<title>Asesor Laboral Barcelona | Gestor\u00eda Laboral | Flores Gal\u00ed<\/title>\n<meta name=\"description\" content=\"Asesor laboral en Barcelona para pymes. Gesti\u00f3n de n\u00f3minas, contratos, despidos, convenios y conflictos laborales. Equipo multidisciplinar. M\u00e1s de 25 a\u00f1os de experiencia.\" \/>\n<meta name=\"robots\" content=\"index, follow, max-snippet:-1, max-image-preview:large, max-video-preview:-1\" \/>\n<link rel=\"canonical\" href=\"https:\/\/floresgali.com\/es\/asesoramiento-laboral\/\" \/>\n<meta property=\"og:locale\" content=\"es_ES\" \/>\n<meta property=\"og:type\" content=\"article\" \/>\n<meta property=\"og:title\" content=\"Asesor Laboral Barcelona | Gestor\u00eda Laboral | Flores Gal\u00ed\" \/>\n<meta property=\"og:description\" content=\"Asesor laboral en Barcelona para pymes. Gesti\u00f3n de n\u00f3minas, contratos, despidos, convenios y conflictos laborales. Equipo multidisciplinar. M\u00e1s de 25 a\u00f1os de experiencia.\" \/>\n<meta property=\"og:url\" content=\"https:\/\/floresgali.com\/es\/asesoramiento-laboral\/\" \/>\n<meta property=\"og:site_name\" content=\"Flores Gal\u00ed Associats\" \/>\n<meta property=\"article:modified_time\" content=\"2026-03-30T06:27:17+00:00\" \/>\n<meta property=\"og:image\" content=\"https:\/\/floresgali.com\/wp-content\/uploads\/2026\/02\/asesoramiento-laboral.jpg\" \/>\n<meta name=\"twitter:card\" content=\"summary_large_image\" \/>\n<meta name=\"twitter:label1\" content=\"Tiempo de lectura\" \/>\n\t<meta name=\"twitter:data1\" content=\"3 minutos\" \/>\n<script type=\"application\/ld+json\" class=\"yoast-schema-graph\">{\"@context\":\"https:\/\/schema.org\",\"@graph\":[{\"@type\":\"WebPage\",\"@id\":\"https:\/\/floresgali.com\/es\/asesoramiento-laboral\/\",\"url\":\"https:\/\/floresgali.com\/es\/asesoramiento-laboral\/\",\"name\":\"Asesor Laboral Barcelona | Gestor\u00eda Laboral | Flores Gal\u00ed\",\"isPartOf\":{\"@id\":\"https:\/\/floresgali.com\/#website\"},\"primaryImageOfPage\":{\"@id\":\"https:\/\/floresgali.com\/es\/asesoramiento-laboral\/#primaryimage\"},\"image\":{\"@id\":\"https:\/\/floresgali.com\/es\/asesoramiento-laboral\/#primaryimage\"},\"thumbnailUrl\":\"https:\/\/floresgali.com\/wp-content\/uploads\/2026\/02\/asesoramiento-laboral.jpg\",\"datePublished\":\"2026-02-16T11:59:31+00:00\",\"dateModified\":\"2026-03-30T06:27:17+00:00\",\"description\":\"Asesor laboral en Barcelona para pymes. Gesti\u00f3n de n\u00f3minas, contratos, despidos, convenios y conflictos laborales. Equipo multidisciplinar. M\u00e1s de 25 a\u00f1os de experiencia.\",\"breadcrumb\":{\"@id\":\"https:\/\/floresgali.com\/es\/asesoramiento-laboral\/#breadcrumb\"},\"inLanguage\":\"es\",\"potentialAction\":[{\"@type\":\"ReadAction\",\"target\":[\"https:\/\/floresgali.com\/es\/asesoramiento-laboral\/\"]}]},{\"@type\":\"ImageObject\",\"inLanguage\":\"es\",\"@id\":\"https:\/\/floresgali.com\/es\/asesoramiento-laboral\/#primaryimage\",\"url\":\"https:\/\/floresgali.com\/wp-content\/uploads\/2026\/02\/asesoramiento-laboral.jpg\",\"contentUrl\":\"https:\/\/floresgali.com\/wp-content\/uploads\/2026\/02\/asesoramiento-laboral.jpg\"},{\"@type\":\"BreadcrumbList\",\"@id\":\"https:\/\/floresgali.com\/es\/asesoramiento-laboral\/#breadcrumb\",\"itemListElement\":[{\"@type\":\"ListItem\",\"position\":1,\"name\":\"Portada\",\"item\":\"https:\/\/floresgali.com\/\"},{\"@type\":\"ListItem\",\"position\":2,\"name\":\"Asesoramiento Laboral\"}]},{\"@type\":\"WebSite\",\"@id\":\"https:\/\/floresgali.com\/#website\",\"url\":\"https:\/\/floresgali.com\/\",\"name\":\"Flores Gal\u00ed Associats\",\"description\":\"\",\"potentialAction\":[{\"@type\":\"SearchAction\",\"target\":{\"@type\":\"EntryPoint\",\"urlTemplate\":\"https:\/\/floresgali.com\/?s={search_term_string}\"},\"query-input\":{\"@type\":\"PropertyValueSpecification\",\"valueRequired\":true,\"valueName\":\"search_term_string\"}}],\"inLanguage\":\"es\"}]}<\/script>\n<!-- \/ Yoast SEO plugin. -->","yoast_head_json":{"title":"Asesor Laboral Barcelona | Gestor\u00eda Laboral | Flores Gal\u00ed","description":"Asesor laboral en Barcelona para pymes. Gesti\u00f3n de n\u00f3minas, contratos, despidos, convenios y conflictos laborales. Equipo multidisciplinar. M\u00e1s de 25 a\u00f1os de experiencia.","robots":{"index":"index","follow":"follow","max-snippet":"max-snippet:-1","max-image-preview":"max-image-preview:large","max-video-preview":"max-video-preview:-1"},"canonical":"https:\/\/floresgali.com\/es\/asesoramiento-laboral\/","og_locale":"es_ES","og_type":"article","og_title":"Asesor Laboral Barcelona | Gestor\u00eda Laboral | Flores Gal\u00ed","og_description":"Asesor laboral en Barcelona para pymes. Gesti\u00f3n de n\u00f3minas, contratos, despidos, convenios y conflictos laborales. Equipo multidisciplinar. M\u00e1s de 25 a\u00f1os de experiencia.","og_url":"https:\/\/floresgali.com\/es\/asesoramiento-laboral\/","og_site_name":"Flores Gal\u00ed Associats","article_modified_time":"2026-03-30T06:27:17+00:00","og_image":[{"url":"https:\/\/floresgali.com\/wp-content\/uploads\/2026\/02\/asesoramiento-laboral.jpg","type":"","width":"","height":""}],"twitter_card":"summary_large_image","twitter_misc":{"Tiempo de lectura":"3 minutos"},"schema":{"@context":"https:\/\/schema.org","@graph":[{"@type":"WebPage","@id":"https:\/\/floresgali.com\/es\/asesoramiento-laboral\/","url":"https:\/\/floresgali.com\/es\/asesoramiento-laboral\/","name":"Asesor Laboral Barcelona | Gestor\u00eda Laboral | Flores Gal\u00ed","isPartOf":{"@id":"https:\/\/floresgali.com\/#website"},"primaryImageOfPage":{"@id":"https:\/\/floresgali.com\/es\/asesoramiento-laboral\/#primaryimage"},"image":{"@id":"https:\/\/floresgali.com\/es\/asesoramiento-laboral\/#primaryimage"},"thumbnailUrl":"https:\/\/floresgali.com\/wp-content\/uploads\/2026\/02\/asesoramiento-laboral.jpg","datePublished":"2026-02-16T11:59:31+00:00","dateModified":"2026-03-30T06:27:17+00:00","description":"Asesor laboral en Barcelona para pymes. Gesti\u00f3n de n\u00f3minas, contratos, despidos, convenios y conflictos laborales. Equipo multidisciplinar. M\u00e1s de 25 a\u00f1os de experiencia.","breadcrumb":{"@id":"https:\/\/floresgali.com\/es\/asesoramiento-laboral\/#breadcrumb"},"inLanguage":"es","potentialAction":[{"@type":"ReadAction","target":["https:\/\/floresgali.com\/es\/asesoramiento-laboral\/"]}]},{"@type":"ImageObject","inLanguage":"es","@id":"https:\/\/floresgali.com\/es\/asesoramiento-laboral\/#primaryimage","url":"https:\/\/floresgali.com\/wp-content\/uploads\/2026\/02\/asesoramiento-laboral.jpg","contentUrl":"https:\/\/floresgali.com\/wp-content\/uploads\/2026\/02\/asesoramiento-laboral.jpg"},{"@type":"BreadcrumbList","@id":"https:\/\/floresgali.com\/es\/asesoramiento-laboral\/#breadcrumb","itemListElement":[{"@type":"ListItem","position":1,"name":"Portada","item":"https:\/\/floresgali.com\/"},{"@type":"ListItem","position":2,"name":"Asesoramiento Laboral"}]},{"@type":"WebSite","@id":"https:\/\/floresgali.com\/#website","url":"https:\/\/floresgali.com\/","name":"Flores Gal\u00ed Associats","description":"","potentialAction":[{"@type":"SearchAction","target":{"@type":"EntryPoint","urlTemplate":"https:\/\/floresgali.com\/?s={search_term_string}"},"query-input":{"@type":"PropertyValueSpecification","valueRequired":true,"valueName":"search_term_string"}}],"inLanguage":"es"}]}},"_links":{"self":[{"href":"https:\/\/floresgali.com\/es\/wp-json\/wp\/v2\/pages\/899","targetHints":{"allow":["GET"]}}],"collection":[{"href":"https:\/\/floresgali.com\/es\/wp-json\/wp\/v2\/pages"}],"about":[{"href":"https:\/\/floresgali.com\/es\/wp-json\/wp\/v2\/types\/page"}],"author":[{"embeddable":true,"href":"https:\/\/floresgali.com\/es\/wp-json\/wp\/v2\/users\/2"}],"replies":[{"embeddable":true,"href":"https:\/\/floresgali.com\/es\/wp-json\/wp\/v2\/comments?post=899"}],"version-history":[{"count":58,"href":"https:\/\/floresgali.com\/es\/wp-json\/wp\/v2\/pages\/899\/revisions"}],"predecessor-version":[{"id":1569,"href":"https:\/\/floresgali.com\/es\/wp-json\/wp\/v2\/pages\/899\/revisions\/1569"}],"wp:attachment":[{"href":"https:\/\/floresgali.com\/es\/wp-json\/wp\/v2\/media?parent=899"}],"curies":[{"name":"wp","href":"https:\/\/api.w.org\/{rel}","templated":true}]}}