{"id":908,"date":"2026-02-17T09:28:50","date_gmt":"2026-02-17T08:28:50","guid":{"rendered":"https:\/\/floresgali.com\/?page_id=908"},"modified":"2026-03-30T08:28:03","modified_gmt":"2026-03-30T06:28:03","slug":"asesoramiento-legal-mercantil","status":"publish","type":"page","link":"https:\/\/floresgali.com\/es\/asesoramiento-legal-mercantil\/","title":{"rendered":"Asesoramiento Legal-Mercantil"},"content":{"rendered":"\t\t<div data-elementor-type=\"wp-page\" data-elementor-id=\"908\" class=\"elementor elementor-908\" data-elementor-post-type=\"page\">\n\t\t\t\t<div class=\"elementor-element elementor-element-2edcef5 e-flex e-con-boxed e-con e-parent\" data-id=\"2edcef5\" data-element_type=\"container\" data-settings=\"{&quot;background_background&quot;:&quot;classic&quot;}\">\n\t\t\t\t\t<div class=\"e-con-inner\">\n\t\t<div class=\"elementor-element elementor-element-6e11a99 e-con-full e-flex e-con e-child\" data-id=\"6e11a99\" data-element_type=\"container\">\n\t\t<div class=\"elementor-element elementor-element-794fc58 e-con-full e-flex elementor-invisible e-con e-child\" data-id=\"794fc58\" data-element_type=\"container\" data-settings=\"{&quot;animation&quot;:&quot;fadeIn&quot;}\">\n\t\t\t\t<\/div>\n\t\t\t\t<\/div>\n\t\t\t\t\t<\/div>\n\t\t\t\t<\/div>\n\t\t<div class=\"elementor-element elementor-element-d22f287 e-flex e-con-boxed e-con e-parent\" data-id=\"d22f287\" data-element_type=\"container\" data-settings=\"{&quot;background_background&quot;:&quot;classic&quot;}\">\n\t\t\t\t\t<div class=\"e-con-inner\">\n\t\t<div class=\"elementor-element elementor-element-a1945af e-con-full e-flex e-con e-child\" data-id=\"a1945af\" data-element_type=\"container\">\n\t\t<div class=\"elementor-element elementor-element-3751f6a e-con-full e-flex e-con e-child\" data-id=\"3751f6a\" data-element_type=\"container\">\n\t\t\t\t<div class=\"elementor-element elementor-element-76b9ec3 elementor-invisible elementor-widget elementor-widget-image\" data-id=\"76b9ec3\" data-element_type=\"widget\" data-settings=\"{&quot;_animation&quot;:&quot;fadeIn&quot;}\" data-widget_type=\"image.default\">\n\t\t\t\t\t\t\t\t\t\t\t\t\t\t\t<img fetchpriority=\"high\" decoding=\"async\" width=\"550\" height=\"420\" src=\"https:\/\/floresgali.com\/wp-content\/uploads\/2026\/02\/abogado-mercantil.jpg\" class=\"attachment-full size-full wp-image-1220\" alt=\"\" srcset=\"https:\/\/floresgali.com\/wp-content\/uploads\/2026\/02\/abogado-mercantil.jpg 550w, https:\/\/floresgali.com\/wp-content\/uploads\/2026\/02\/abogado-mercantil-300x229.jpg 300w\" sizes=\"(max-width: 550px) 100vw, 550px\" \/>\t\t\t\t\t\t\t\t\t\t\t\t\t\t\t<\/div>\n\t\t\t\t<\/div>\n\t\t<div class=\"elementor-element elementor-element-e89a289 e-con-full e-flex elementor-invisible e-con e-child\" data-id=\"e89a289\" data-element_type=\"container\" data-settings=\"{&quot;animation&quot;:&quot;fadeIn&quot;}\">\n\t\t\t\t<div class=\"elementor-element elementor-element-8337701 elementor-widget elementor-widget-heading\" data-id=\"8337701\" data-element_type=\"widget\" data-widget_type=\"heading.default\">\n\t\t\t\t\t<h1 class=\"elementor-heading-title elementor-size-default\">Abogado mercantil en Barcelona<\/h1>\t\t\t\t<\/div>\n\t\t\t\t<div class=\"elementor-element elementor-element-c3da37b elementor-widget-laptop__width-inherit elementor-widget elementor-widget-text-editor\" data-id=\"c3da37b\" data-element_type=\"widget\" data-widget_type=\"text-editor.default\">\n\t\t\t\t\t\t\t\t\t<p>El derecho mercantil no es solo papeles y firmas. Detr\u00e1s de cada contrato, de cada operaci\u00f3n, hay decisiones que afectan al futuro de tu negocio. Necesitas un abogado que entienda ambos mundos.<\/p>\t\t\t\t\t\t\t\t<\/div>\n\t\t\t\t<div class=\"elementor-element elementor-element-b8a6251 elementor-widget-laptop__width-inherit elementor-widget elementor-widget-text-editor\" data-id=\"b8a6251\" data-element_type=\"widget\" data-widget_type=\"text-editor.default\">\n\t\t\t\t\t\t\t\t\t<p>Somos abogados especializados en <strong>derecho mercantil en Barcelona<\/strong> que trabajamos con economistas y fiscalistas. Asesoramiento legal que tiene en cuenta las implicaciones fiscales y estrat\u00e9gicas.<\/p>\t\t\t\t\t\t\t\t<\/div>\n\t\t\t\t<div class=\"elementor-element elementor-element-bab7239 elementor-invisible elementor-widget elementor-widget-button\" data-id=\"bab7239\" data-element_type=\"widget\" data-settings=\"{&quot;_animation&quot;:&quot;fadeIn&quot;}\" data-widget_type=\"button.default\">\n\t\t\t\t\t\t\t\t\t\t<a class=\"elementor-button elementor-button-link elementor-size-sm\" href=\"\/es\/contacto\/\">\n\t\t\t\t\t\t<span class=\"elementor-button-content-wrapper\">\n\t\t\t\t\t\t\t\t\t<span class=\"elementor-button-text\">Cu\u00e9ntanos tu caso<\/span>\n\t\t\t\t\t<\/span>\n\t\t\t\t\t<\/a>\n\t\t\t\t\t\t\t\t<\/div>\n\t\t\t\t<\/div>\n\t\t\t\t<\/div>\n\t\t\t\t\t<\/div>\n\t\t\t\t<\/div>\n\t\t<div class=\"elementor-element elementor-element-84c1cdd e-flex e-con-boxed e-con e-parent\" data-id=\"84c1cdd\" data-element_type=\"container\" data-settings=\"{&quot;background_background&quot;:&quot;classic&quot;}\">\n\t\t\t\t\t<div class=\"e-con-inner\">\n\t\t<div class=\"elementor-element elementor-element-e2c6e98 e-con-full e-flex elementor-invisible e-con e-child\" data-id=\"e2c6e98\" data-element_type=\"container\" data-settings=\"{&quot;animation&quot;:&quot;fadeIn&quot;}\">\n\t\t\t\t<div class=\"elementor-element elementor-element-5ea4c60 elementor-widget elementor-widget-heading\" data-id=\"5ea4c60\" data-element_type=\"widget\" data-widget_type=\"heading.default\">\n\t\t\t\t\t<h2 class=\"elementor-heading-title elementor-size-default\">Servicios legales-mercantiles<\/h2>\t\t\t\t<\/div>\n\t\t\t\t<\/div>\n\t\t<div class=\"elementor-element elementor-element-c0e98e7 e-con-full e-flex elementor-invisible e-con e-child\" data-id=\"c0e98e7\" data-element_type=\"container\" data-settings=\"{&quot;animation&quot;:&quot;fadeInUp&quot;}\">\n\t\t<div class=\"elementor-element elementor-element-d910981 e-con-full e-flex e-con e-child\" data-id=\"d910981\" data-element_type=\"container\" data-settings=\"{&quot;background_background&quot;:&quot;classic&quot;}\">\n\t\t<div class=\"elementor-element elementor-element-3d6a965 e-con-full e-flex e-con e-child\" data-id=\"3d6a965\" data-element_type=\"container\" data-settings=\"{&quot;background_background&quot;:&quot;classic&quot;}\">\n\t\t\t\t<div class=\"elementor-element elementor-element-af832a7 elementor-widget elementor-widget-image\" data-id=\"af832a7\" data-element_type=\"widget\" data-widget_type=\"image.default\">\n\t\t\t\t\t\t\t\t\t\t\t\t\t\t\t<img decoding=\"async\" width=\"1000\" height=\"1000\" src=\"https:\/\/floresgali.com\/wp-content\/uploads\/2026\/02\/empresa.png\" class=\"attachment-full size-full wp-image-1105\" alt=\"\" srcset=\"https:\/\/floresgali.com\/wp-content\/uploads\/2026\/02\/empresa.png 1000w, https:\/\/floresgali.com\/wp-content\/uploads\/2026\/02\/empresa-300x300.png 300w, https:\/\/floresgali.com\/wp-content\/uploads\/2026\/02\/empresa-150x150.png 150w, https:\/\/floresgali.com\/wp-content\/uploads\/2026\/02\/empresa-768x768.png 768w\" sizes=\"(max-width: 1000px) 100vw, 1000px\" \/>\t\t\t\t\t\t\t\t\t\t\t\t\t\t\t<\/div>\n\t\t\t\t<\/div>\n\t\t\t\t<div class=\"elementor-element elementor-element-4bcb878 elementor-widget elementor-widget-heading\" data-id=\"4bcb878\" data-element_type=\"widget\" data-widget_type=\"heading.default\">\n\t\t\t\t\t<h3 class=\"elementor-heading-title elementor-size-default\">Constituci\u00f3n y disoluci\u00f3n de empresas<\/h3>\t\t\t\t<\/div>\n\t\t\t\t<div class=\"elementor-element elementor-element-e382174 elementor-widget elementor-widget-text-editor\" data-id=\"e382174\" data-element_type=\"widget\" data-widget_type=\"text-editor.default\">\n\t\t\t\t\t\t\t\t\t<p>Te ayudamos a elegir la forma jur\u00eddica adecuada, redactamos estatutos, gestionamos la constituci\u00f3n ante notario e inscripci\u00f3n en el Registro Mercantil.<\/p>\t\t\t\t\t\t\t\t<\/div>\n\t\t\t\t<\/div>\n\t\t<div class=\"elementor-element elementor-element-4ff30c8 e-con-full e-flex e-con e-child\" data-id=\"4ff30c8\" data-element_type=\"container\" data-settings=\"{&quot;background_background&quot;:&quot;classic&quot;}\">\n\t\t<div class=\"elementor-element elementor-element-4ed2d1b e-con-full e-flex e-con e-child\" data-id=\"4ed2d1b\" data-element_type=\"container\" data-settings=\"{&quot;background_background&quot;:&quot;classic&quot;}\">\n\t\t\t\t<div class=\"elementor-element elementor-element-734cfed elementor-widget elementor-widget-image\" data-id=\"734cfed\" data-element_type=\"widget\" data-widget_type=\"image.default\">\n\t\t\t\t\t\t\t\t\t\t\t\t\t\t\t<img decoding=\"async\" width=\"1000\" height=\"1000\" src=\"https:\/\/floresgali.com\/wp-content\/uploads\/2026\/02\/icono2.png\" class=\"attachment-full size-full wp-image-1097\" alt=\"\" srcset=\"https:\/\/floresgali.com\/wp-content\/uploads\/2026\/02\/icono2.png 1000w, https:\/\/floresgali.com\/wp-content\/uploads\/2026\/02\/icono2-300x300.png 300w, https:\/\/floresgali.com\/wp-content\/uploads\/2026\/02\/icono2-150x150.png 150w, https:\/\/floresgali.com\/wp-content\/uploads\/2026\/02\/icono2-768x768.png 768w\" sizes=\"(max-width: 1000px) 100vw, 1000px\" \/>\t\t\t\t\t\t\t\t\t\t\t\t\t\t\t<\/div>\n\t\t\t\t<\/div>\n\t\t\t\t<div class=\"elementor-element elementor-element-be03c0b elementor-widget elementor-widget-heading\" data-id=\"be03c0b\" data-element_type=\"widget\" data-widget_type=\"heading.default\">\n\t\t\t\t\t<h3 class=\"elementor-heading-title elementor-size-default\">Contratos empresariales<\/h3>\t\t\t\t<\/div>\n\t\t\t\t<div class=\"elementor-element elementor-element-bdf5951 elementor-widget elementor-widget-text-editor\" data-id=\"bdf5951\" data-element_type=\"widget\" data-widget_type=\"text-editor.default\">\n\t\t\t\t\t\t\t\t\t<p>Compraventa de maquinaria, agencia, distribuci\u00f3n, confidencialidad, pactos de socios. Redactamos y revisamos contratos que protejan tus intereses.<\/p>\t\t\t\t\t\t\t\t<\/div>\n\t\t\t\t<\/div>\n\t\t<div class=\"elementor-element elementor-element-6e90ab1 e-con-full e-flex e-con e-child\" data-id=\"6e90ab1\" data-element_type=\"container\" data-settings=\"{&quot;background_background&quot;:&quot;classic&quot;}\">\n\t\t<div class=\"elementor-element elementor-element-4927bcd e-con-full e-flex e-con e-child\" data-id=\"4927bcd\" data-element_type=\"container\" data-settings=\"{&quot;background_background&quot;:&quot;classic&quot;}\">\n\t\t\t\t<div class=\"elementor-element elementor-element-c5a7b4c elementor-widget elementor-widget-image\" data-id=\"c5a7b4c\" data-element_type=\"widget\" data-widget_type=\"image.default\">\n\t\t\t\t\t\t\t\t\t\t\t\t\t\t\t<img loading=\"lazy\" decoding=\"async\" width=\"1000\" height=\"1000\" src=\"https:\/\/floresgali.com\/wp-content\/uploads\/2026\/02\/planificacion.png\" class=\"attachment-full size-full wp-image-1090\" alt=\"\" srcset=\"https:\/\/floresgali.com\/wp-content\/uploads\/2026\/02\/planificacion.png 1000w, https:\/\/floresgali.com\/wp-content\/uploads\/2026\/02\/planificacion-300x300.png 300w, https:\/\/floresgali.com\/wp-content\/uploads\/2026\/02\/planificacion-150x150.png 150w, https:\/\/floresgali.com\/wp-content\/uploads\/2026\/02\/planificacion-768x768.png 768w\" sizes=\"(max-width: 1000px) 100vw, 1000px\" \/>\t\t\t\t\t\t\t\t\t\t\t\t\t\t\t<\/div>\n\t\t\t\t<\/div>\n\t\t\t\t<div class=\"elementor-element elementor-element-87fb84d elementor-widget elementor-widget-heading\" data-id=\"87fb84d\" data-element_type=\"widget\" data-widget_type=\"heading.default\">\n\t\t\t\t\t<h3 class=\"elementor-heading-title elementor-size-default\">Compraventa de sociedades y M&amp;A<\/h3>\t\t\t\t<\/div>\n\t\t\t\t<div class=\"elementor-element elementor-element-efc9e38 elementor-widget elementor-widget-text-editor\" data-id=\"efc9e38\" data-element_type=\"widget\" data-widget_type=\"text-editor.default\">\n\t\t\t\t\t\t\t\t\t<p>Due diligence, valoraci\u00f3n, negociaci\u00f3n, contrato de compraventa, cierre. Te representamos desde el primer momento hasta el \u00faltimo.<\/p>\t\t\t\t\t\t\t\t<\/div>\n\t\t\t\t<\/div>\n\t\t<div class=\"elementor-element elementor-element-8bc13fb e-con-full e-flex e-con e-child\" data-id=\"8bc13fb\" data-element_type=\"container\" data-settings=\"{&quot;background_background&quot;:&quot;classic&quot;}\">\n\t\t<div class=\"elementor-element elementor-element-7062f1a e-con-full e-flex e-con e-child\" data-id=\"7062f1a\" data-element_type=\"container\" data-settings=\"{&quot;background_background&quot;:&quot;classic&quot;}\">\n\t\t\t\t<div class=\"elementor-element elementor-element-12ab095 elementor-widget elementor-widget-image\" data-id=\"12ab095\" data-element_type=\"widget\" data-widget_type=\"image.default\">\n\t\t\t\t\t\t\t\t\t\t\t\t\t\t\t<img loading=\"lazy\" decoding=\"async\" width=\"1000\" height=\"1000\" src=\"https:\/\/floresgali.com\/wp-content\/uploads\/2026\/02\/responsabilidad.png\" class=\"attachment-full size-full wp-image-1092\" alt=\"\" srcset=\"https:\/\/floresgali.com\/wp-content\/uploads\/2026\/02\/responsabilidad.png 1000w, https:\/\/floresgali.com\/wp-content\/uploads\/2026\/02\/responsabilidad-300x300.png 300w, https:\/\/floresgali.com\/wp-content\/uploads\/2026\/02\/responsabilidad-150x150.png 150w, https:\/\/floresgali.com\/wp-content\/uploads\/2026\/02\/responsabilidad-768x768.png 768w\" sizes=\"(max-width: 1000px) 100vw, 1000px\" \/>\t\t\t\t\t\t\t\t\t\t\t\t\t\t\t<\/div>\n\t\t\t\t<\/div>\n\t\t\t\t<div class=\"elementor-element elementor-element-9d167df elementor-widget elementor-widget-heading\" data-id=\"9d167df\" data-element_type=\"widget\" data-widget_type=\"heading.default\">\n\t\t\t\t\t<h3 class=\"elementor-heading-title elementor-size-default\">Responsabilidad de administradores<\/h3>\t\t\t\t<\/div>\n\t\t\t\t<div class=\"elementor-element elementor-element-2ba68b4 elementor-widget elementor-widget-text-editor\" data-id=\"2ba68b4\" data-element_type=\"widget\" data-widget_type=\"text-editor.default\">\n\t\t\t\t\t\t\t\t\t<p>Te asesoramos sobre tus obligaciones y los riesgos que asumes como administrador. Medidas para protegerte ante reclamaciones.<\/p>\t\t\t\t\t\t\t\t<\/div>\n\t\t\t\t<\/div>\n\t\t\t\t<\/div>\n\t\t\t\t\t<\/div>\n\t\t\t\t<\/div>\n\t\t<div class=\"elementor-element elementor-element-567c4f8 e-flex e-con-boxed e-con e-parent\" data-id=\"567c4f8\" data-element_type=\"container\" data-settings=\"{&quot;background_background&quot;:&quot;classic&quot;}\">\n\t\t\t\t\t<div class=\"e-con-inner\">\n\t\t<div class=\"elementor-element elementor-element-a9151ee e-con-full e-flex e-con e-child\" data-id=\"a9151ee\" data-element_type=\"container\">\n\t\t<div class=\"elementor-element elementor-element-abe3e12 e-con-full e-flex elementor-invisible e-con e-child\" data-id=\"abe3e12\" data-element_type=\"container\" data-settings=\"{&quot;animation&quot;:&quot;fadeIn&quot;}\">\n\t\t\t\t<div class=\"elementor-element elementor-element-b8688d6 elementor-widget elementor-widget-heading\" data-id=\"b8688d6\" data-element_type=\"widget\" data-widget_type=\"heading.default\">\n\t\t\t\t\t<h2 class=\"elementor-heading-title elementor-size-default\">La ventaja multidisciplinar<\/h2>\t\t\t\t<\/div>\n\t\t\t\t<div class=\"elementor-element elementor-element-b3c5fcb elementor-widget-laptop__width-inherit elementor-widget elementor-widget-text-editor\" data-id=\"b3c5fcb\" data-element_type=\"widget\" data-widget_type=\"text-editor.default\">\n\t\t\t\t\t\t\t\t\t<p>Cuando redactamos un contrato, pensamos en las implicaciones fiscales. Cuando asesoramos en una compraventa, analizamos la estructura financiera. No es lo habitual, pero es lo que necesitan las empresas.<\/p>\t\t\t\t\t\t\t\t<\/div>\n\t\t\t\t<div class=\"elementor-element elementor-element-cdcbdd9 elementor-widget-laptop__width-inherit elementor-widget elementor-widget-text-editor\" data-id=\"cdcbdd9\" data-element_type=\"widget\" data-widget_type=\"text-editor.default\">\n\t\t\t\t\t\t\t\t\t<p>Si buscas un <strong>abogado mercantil en Barcelona<\/strong> que entienda de negocios, podemos ayudarte.<\/p>\t\t\t\t\t\t\t\t<\/div>\n\t\t\t\t<div class=\"elementor-element elementor-element-5959367 elementor-invisible elementor-widget elementor-widget-button\" data-id=\"5959367\" data-element_type=\"widget\" data-settings=\"{&quot;_animation&quot;:&quot;fadeIn&quot;}\" data-widget_type=\"button.default\">\n\t\t\t\t\t\t\t\t\t\t<a class=\"elementor-button elementor-button-link elementor-size-sm\" href=\"\/es\/contacto\/\">\n\t\t\t\t\t\t<span class=\"elementor-button-content-wrapper\">\n\t\t\t\t\t\t\t\t\t<span class=\"elementor-button-text\">Contacta con nosotros<\/span>\n\t\t\t\t\t<\/span>\n\t\t\t\t\t<\/a>\n\t\t\t\t\t\t\t\t<\/div>\n\t\t\t\t<\/div>\n\t\t<div class=\"elementor-element elementor-element-3869514 e-con-full e-flex e-con e-child\" data-id=\"3869514\" data-element_type=\"container\">\n\t\t\t\t<div class=\"elementor-element elementor-element-cb10564 elementor-invisible elementor-widget elementor-widget-image\" data-id=\"cb10564\" data-element_type=\"widget\" data-settings=\"{&quot;_animation&quot;:&quot;fadeIn&quot;}\" data-widget_type=\"image.default\">\n\t\t\t\t\t\t\t\t\t\t\t\t\t\t\t<img loading=\"lazy\" decoding=\"async\" width=\"550\" height=\"420\" src=\"https:\/\/floresgali.com\/wp-content\/uploads\/2026\/02\/ventaja-multidisciplinar.jpg\" class=\"attachment-full size-full wp-image-1222\" alt=\"\" srcset=\"https:\/\/floresgali.com\/wp-content\/uploads\/2026\/02\/ventaja-multidisciplinar.jpg 550w, https:\/\/floresgali.com\/wp-content\/uploads\/2026\/02\/ventaja-multidisciplinar-300x229.jpg 300w\" sizes=\"(max-width: 550px) 100vw, 550px\" \/>\t\t\t\t\t\t\t\t\t\t\t\t\t\t\t<\/div>\n\t\t\t\t<\/div>\n\t\t\t\t<\/div>\n\t\t\t\t\t<\/div>\n\t\t\t\t<\/div>\n\t\t\t\t<\/div>\n\t\t","protected":false},"excerpt":{"rendered":"<p>Abogado mercantil en Barcelona El derecho mercantil no es solo papeles y firmas. Detr\u00e1s de cada contrato, de cada operaci\u00f3n, hay decisiones que afectan al futuro de tu negocio. Necesitas un abogado que entienda ambos mundos. Somos abogados especializados en derecho mercantil en Barcelona que trabajamos con economistas y fiscalistas. Asesoramiento legal que tiene en [&hellip;]<\/p>\n","protected":false},"author":2,"featured_media":0,"parent":0,"menu_order":0,"comment_status":"closed","ping_status":"closed","template":"elementor_header_footer","meta":{"footnotes":""},"class_list":["post-908","page","type-page","status-publish","hentry"],"yoast_head":"<!-- This site is optimized with the Yoast SEO plugin v26.7 - https:\/\/yoast.com\/wordpress\/plugins\/seo\/ -->\n<title>Abogado Mercantil Barcelona | Derecho Empresarial | Flores Gal\u00ed<\/title>\n<meta name=\"description\" content=\"Abogado mercantil en Barcelona especializado en derecho empresarial. Constituci\u00f3n de sociedades, contratos, compraventa de empresas y M&amp;A. Equipo multidisciplinar con visi\u00f3n fiscal.\" \/>\n<meta name=\"robots\" content=\"index, follow, max-snippet:-1, max-image-preview:large, max-video-preview:-1\" \/>\n<link rel=\"canonical\" href=\"https:\/\/floresgali.com\/es\/asesoramiento-legal-mercantil\/\" \/>\n<meta property=\"og:locale\" content=\"es_ES\" \/>\n<meta property=\"og:type\" content=\"article\" \/>\n<meta property=\"og:title\" content=\"Abogado Mercantil Barcelona | Derecho Empresarial | Flores Gal\u00ed\" \/>\n<meta property=\"og:description\" content=\"Abogado mercantil en Barcelona especializado en derecho empresarial. Constituci\u00f3n de sociedades, contratos, compraventa de empresas y M&amp;A. Equipo multidisciplinar con visi\u00f3n fiscal.\" \/>\n<meta property=\"og:url\" content=\"https:\/\/floresgali.com\/es\/asesoramiento-legal-mercantil\/\" \/>\n<meta property=\"og:site_name\" content=\"Flores Gal\u00ed Associats\" \/>\n<meta property=\"article:modified_time\" content=\"2026-03-30T06:28:03+00:00\" \/>\n<meta property=\"og:image\" content=\"https:\/\/floresgali.com\/wp-content\/uploads\/2026\/02\/abogado-mercantil.jpg\" \/>\n<meta name=\"twitter:card\" content=\"summary_large_image\" \/>\n<meta name=\"twitter:label1\" content=\"Tiempo de lectura\" \/>\n\t<meta name=\"twitter:data1\" content=\"3 minutos\" \/>\n<script type=\"application\/ld+json\" class=\"yoast-schema-graph\">{\"@context\":\"https:\/\/schema.org\",\"@graph\":[{\"@type\":\"WebPage\",\"@id\":\"https:\/\/floresgali.com\/es\/asesoramiento-legal-mercantil\/\",\"url\":\"https:\/\/floresgali.com\/es\/asesoramiento-legal-mercantil\/\",\"name\":\"Abogado Mercantil Barcelona | Derecho Empresarial | Flores Gal\u00ed\",\"isPartOf\":{\"@id\":\"https:\/\/floresgali.com\/#website\"},\"primaryImageOfPage\":{\"@id\":\"https:\/\/floresgali.com\/es\/asesoramiento-legal-mercantil\/#primaryimage\"},\"image\":{\"@id\":\"https:\/\/floresgali.com\/es\/asesoramiento-legal-mercantil\/#primaryimage\"},\"thumbnailUrl\":\"https:\/\/floresgali.com\/wp-content\/uploads\/2026\/02\/abogado-mercantil.jpg\",\"datePublished\":\"2026-02-17T08:28:50+00:00\",\"dateModified\":\"2026-03-30T06:28:03+00:00\",\"description\":\"Abogado mercantil en Barcelona especializado en derecho empresarial. Constituci\u00f3n de sociedades, contratos, compraventa de empresas y M&A. Equipo multidisciplinar con visi\u00f3n fiscal.\",\"breadcrumb\":{\"@id\":\"https:\/\/floresgali.com\/es\/asesoramiento-legal-mercantil\/#breadcrumb\"},\"inLanguage\":\"es\",\"potentialAction\":[{\"@type\":\"ReadAction\",\"target\":[\"https:\/\/floresgali.com\/es\/asesoramiento-legal-mercantil\/\"]}]},{\"@type\":\"ImageObject\",\"inLanguage\":\"es\",\"@id\":\"https:\/\/floresgali.com\/es\/asesoramiento-legal-mercantil\/#primaryimage\",\"url\":\"https:\/\/floresgali.com\/wp-content\/uploads\/2026\/02\/abogado-mercantil.jpg\",\"contentUrl\":\"https:\/\/floresgali.com\/wp-content\/uploads\/2026\/02\/abogado-mercantil.jpg\"},{\"@type\":\"BreadcrumbList\",\"@id\":\"https:\/\/floresgali.com\/es\/asesoramiento-legal-mercantil\/#breadcrumb\",\"itemListElement\":[{\"@type\":\"ListItem\",\"position\":1,\"name\":\"Portada\",\"item\":\"https:\/\/floresgali.com\/\"},{\"@type\":\"ListItem\",\"position\":2,\"name\":\"Asesoramiento Legal-Mercantil\"}]},{\"@type\":\"WebSite\",\"@id\":\"https:\/\/floresgali.com\/#website\",\"url\":\"https:\/\/floresgali.com\/\",\"name\":\"Flores Gal\u00ed Associats\",\"description\":\"\",\"potentialAction\":[{\"@type\":\"SearchAction\",\"target\":{\"@type\":\"EntryPoint\",\"urlTemplate\":\"https:\/\/floresgali.com\/?s={search_term_string}\"},\"query-input\":{\"@type\":\"PropertyValueSpecification\",\"valueRequired\":true,\"valueName\":\"search_term_string\"}}],\"inLanguage\":\"es\"}]}<\/script>\n<!-- \/ Yoast SEO plugin. -->","yoast_head_json":{"title":"Abogado Mercantil Barcelona | Derecho Empresarial | Flores Gal\u00ed","description":"Abogado mercantil en Barcelona especializado en derecho empresarial. Constituci\u00f3n de sociedades, contratos, compraventa de empresas y M&A. Equipo multidisciplinar con visi\u00f3n fiscal.","robots":{"index":"index","follow":"follow","max-snippet":"max-snippet:-1","max-image-preview":"max-image-preview:large","max-video-preview":"max-video-preview:-1"},"canonical":"https:\/\/floresgali.com\/es\/asesoramiento-legal-mercantil\/","og_locale":"es_ES","og_type":"article","og_title":"Abogado Mercantil Barcelona | Derecho Empresarial | Flores Gal\u00ed","og_description":"Abogado mercantil en Barcelona especializado en derecho empresarial. Constituci\u00f3n de sociedades, contratos, compraventa de empresas y M&A. Equipo multidisciplinar con visi\u00f3n fiscal.","og_url":"https:\/\/floresgali.com\/es\/asesoramiento-legal-mercantil\/","og_site_name":"Flores Gal\u00ed Associats","article_modified_time":"2026-03-30T06:28:03+00:00","og_image":[{"url":"https:\/\/floresgali.com\/wp-content\/uploads\/2026\/02\/abogado-mercantil.jpg","type":"","width":"","height":""}],"twitter_card":"summary_large_image","twitter_misc":{"Tiempo de lectura":"3 minutos"},"schema":{"@context":"https:\/\/schema.org","@graph":[{"@type":"WebPage","@id":"https:\/\/floresgali.com\/es\/asesoramiento-legal-mercantil\/","url":"https:\/\/floresgali.com\/es\/asesoramiento-legal-mercantil\/","name":"Abogado Mercantil Barcelona | Derecho Empresarial | Flores Gal\u00ed","isPartOf":{"@id":"https:\/\/floresgali.com\/#website"},"primaryImageOfPage":{"@id":"https:\/\/floresgali.com\/es\/asesoramiento-legal-mercantil\/#primaryimage"},"image":{"@id":"https:\/\/floresgali.com\/es\/asesoramiento-legal-mercantil\/#primaryimage"},"thumbnailUrl":"https:\/\/floresgali.com\/wp-content\/uploads\/2026\/02\/abogado-mercantil.jpg","datePublished":"2026-02-17T08:28:50+00:00","dateModified":"2026-03-30T06:28:03+00:00","description":"Abogado mercantil en Barcelona especializado en derecho empresarial. Constituci\u00f3n de sociedades, contratos, compraventa de empresas y M&A. Equipo multidisciplinar con visi\u00f3n fiscal.","breadcrumb":{"@id":"https:\/\/floresgali.com\/es\/asesoramiento-legal-mercantil\/#breadcrumb"},"inLanguage":"es","potentialAction":[{"@type":"ReadAction","target":["https:\/\/floresgali.com\/es\/asesoramiento-legal-mercantil\/"]}]},{"@type":"ImageObject","inLanguage":"es","@id":"https:\/\/floresgali.com\/es\/asesoramiento-legal-mercantil\/#primaryimage","url":"https:\/\/floresgali.com\/wp-content\/uploads\/2026\/02\/abogado-mercantil.jpg","contentUrl":"https:\/\/floresgali.com\/wp-content\/uploads\/2026\/02\/abogado-mercantil.jpg"},{"@type":"BreadcrumbList","@id":"https:\/\/floresgali.com\/es\/asesoramiento-legal-mercantil\/#breadcrumb","itemListElement":[{"@type":"ListItem","position":1,"name":"Portada","item":"https:\/\/floresgali.com\/"},{"@type":"ListItem","position":2,"name":"Asesoramiento Legal-Mercantil"}]},{"@type":"WebSite","@id":"https:\/\/floresgali.com\/#website","url":"https:\/\/floresgali.com\/","name":"Flores Gal\u00ed Associats","description":"","potentialAction":[{"@type":"SearchAction","target":{"@type":"EntryPoint","urlTemplate":"https:\/\/floresgali.com\/?s={search_term_string}"},"query-input":{"@type":"PropertyValueSpecification","valueRequired":true,"valueName":"search_term_string"}}],"inLanguage":"es"}]}},"_links":{"self":[{"href":"https:\/\/floresgali.com\/es\/wp-json\/wp\/v2\/pages\/908","targetHints":{"allow":["GET"]}}],"collection":[{"href":"https:\/\/floresgali.com\/es\/wp-json\/wp\/v2\/pages"}],"about":[{"href":"https:\/\/floresgali.com\/es\/wp-json\/wp\/v2\/types\/page"}],"author":[{"embeddable":true,"href":"https:\/\/floresgali.com\/es\/wp-json\/wp\/v2\/users\/2"}],"replies":[{"embeddable":true,"href":"https:\/\/floresgali.com\/es\/wp-json\/wp\/v2\/comments?post=908"}],"version-history":[{"count":35,"href":"https:\/\/floresgali.com\/es\/wp-json\/wp\/v2\/pages\/908\/revisions"}],"predecessor-version":[{"id":1566,"href":"https:\/\/floresgali.com\/es\/wp-json\/wp\/v2\/pages\/908\/revisions\/1566"}],"wp:attachment":[{"href":"https:\/\/floresgali.com\/es\/wp-json\/wp\/v2\/media?parent=908"}],"curies":[{"name":"wp","href":"https:\/\/api.w.org\/{rel}","templated":true}]}}